{"id":39,"date":"2022-05-11T07:56:45","date_gmt":"2022-05-11T05:56:45","guid":{"rendered":"https:\/\/demo.casethemes.net\/adsett\/?page_id=39"},"modified":"2026-01-30T09:23:48","modified_gmt":"2026-01-30T09:23:48","slug":"iletisim","status":"publish","type":"page","link":"https:\/\/life312.com.tr\/TR\/iletisim\/","title":{"rendered":"\u0130LET\u0130\u015e\u0130M"},"content":{"rendered":"\t\t<div data-elementor-type=\"wp-page\" data-elementor-id=\"39\" class=\"elementor elementor-39\" data-elementor-post-type=\"page\">\n\t\t\t\t        <section class=\"elementor-section elementor-top-section elementor-element elementor-element-a8c03d7 elementor-section-boxed elementor-section-height-default elementor-section-height-default pxl-section-line-left-no pxl-section-line-right-no pxl-section-static-pos-no pxl-section-overflow-hidden-no\" data-id=\"a8c03d7\" data-element_type=\"section\" data-settings=\"{&quot;background_background&quot;:&quot;classic&quot;}\">\n\n                \n                <div class=\"elementor-container elementor-column-gap-default \">\n                <div class=\"elementor-column elementor-col-50 elementor-top-column elementor-element elementor-element-8d02964 pxl-column-element-default pxl-column-overflow-hidden-no\" data-id=\"8d02964\" data-element_type=\"column\">\r\n        <div class=\"elementor-widget-wrap elementor-element-populated\">\r\n                     \r\n        \t\t<div class=\"elementor-element elementor-element-563ecfe pxl-wg-bd-anm-no elementor-widget elementor-widget-google_maps\" data-id=\"563ecfe\" data-element_type=\"widget\" data-widget_type=\"google_maps.default\">\n\t\t\t\t\t\t\t<div class=\"elementor-custom-embed\">\n\t\t\t<iframe loading=\"lazy\"\n\t\t\t\t\tsrc=\"https:\/\/maps.google.com\/maps?q=Altay%20Mah.%20Orhan%20Bey%20Cad.%20Atay%C4%B1ld%C4%B1z%20Plaza%20No%3A01%2F10%20Eryaman%20%2F%20ANKARA&#038;t=m&#038;z=16&#038;output=embed&#038;iwloc=near\"\n\t\t\t\t\ttitle=\"Altay Mah. Orhan Bey Cad. Atay\u0131ld\u0131z Plaza No:01\/10 Eryaman \/ ANKARA\"\n\t\t\t\t\taria-label=\"Altay Mah. Orhan Bey Cad. Atay\u0131ld\u0131z Plaza No:01\/10 Eryaman \/ ANKARA\"\n\t\t\t><\/iframe>\n\t\t<\/div>\n\t\t\t\t\t\t<\/div>\n\t\t            <\/div>\r\n        <\/div>\r\n                <div class=\"elementor-column elementor-col-50 elementor-top-column elementor-element elementor-element-8b0b3f3 pxl-column-element-default pxl-column-overflow-hidden-no pxl-border-column-anm\" data-id=\"8b0b3f3\" data-element_type=\"column\">\r\n        <div class=\"elementor-widget-wrap elementor-element-populated\">\r\n            <div class=\"pxl-border-animated num-1\">\r\n            <div class=\"pxl-border-anm bt w-100  bw-no bw-mobile_extra-no\" style=\"--bd-width: 0px 0 0 0; border-style: solid; border-color: #E6E6E6;\"><\/div>\r\n            <div class=\"pxl-border-anm br h-100  bw-no bw-mobile_extra-no\" style=\"--bd-width: 0 0px 0 0; border-style: solid; border-color: #E6E6E6;\"><\/div>\r\n            <div class=\"pxl-border-anm bb w-100  bw-no bw-mobile_extra-no\" style=\"--bd-width: 0 0 0px 0; border-style: solid; border-color: #E6E6E6;\"><\/div>\r\n            <div class=\"pxl-border-anm bl h-100  bw-yes bw-mobile_extra-no\" style=\"--bd-width: 0 0 0 1px; border-style: solid; border-color: #E6E6E6;\"><\/div>\r\n            <\/div>         \r\n        \t\t<div class=\"elementor-element elementor-element-c04b248 pxl-contact-info-layout-1 pxl-wg-bd-anm-no elementor-widget elementor-widget-pxl_contact_info\" data-id=\"c04b248\" data-element_type=\"widget\" data-widget_type=\"pxl_contact_info.default\">\n\t\t\t\t<div class=\"elementor-widget-container\">\n\t\t\t\t\t<div class=\"pxl-ci-wrap layout-1 relative  show-popup\">\r\n\t<div class=\"ci-content-wrap\">\r\n\t\t<div class=\"ci-content\">\r\n\t\t\t\t\t\t\t<h4 class=\"ci-title\">Email<\/h4> \r\n\t\t\t\t\t\t\t\t\t\t<div class=\"ci-desc\"><a href=\"mailto:info@life312.com.tr\">info@life312.com.tr<\/a><\/div> \r\n\t\t\t\t\t<\/div>\r\n\t<\/div>\r\n\t<\/div>\t\t\t\t<\/div>\n\t\t\t\t<\/div>\n\t\t\t\t<div class=\"elementor-element elementor-element-324f5af elementor-widget-divider--view-line pxl-wg-bd-anm-no elementor-widget elementor-widget-divider\" data-id=\"324f5af\" data-element_type=\"widget\" data-widget_type=\"divider.default\">\n\t\t\t\t\t\t\t<div class=\"elementor-divider\">\n\t\t\t<span class=\"elementor-divider-separator\">\n\t\t\t\t\t\t<\/span>\n\t\t<\/div>\n\t\t\t\t\t\t<\/div>\n\t\t\t\t<div class=\"elementor-element elementor-element-795ded1 pxl-contact-info-layout-1 pxl-wg-bd-anm-no elementor-widget elementor-widget-pxl_contact_info\" data-id=\"795ded1\" data-element_type=\"widget\" data-widget_type=\"pxl_contact_info.default\">\n\t\t\t\t<div class=\"elementor-widget-container\">\n\t\t\t\t\t<div class=\"pxl-ci-wrap layout-1 relative  show-popup\">\r\n\t<div class=\"ci-content-wrap\">\r\n\t\t<div class=\"ci-content\">\r\n\t\t\t\t\t\t\t<h4 class=\"ci-title\">Telefon<\/h4> \r\n\t\t\t\t\t\t\t\t\t\t<div class=\"ci-desc\"><a href=\"tel:0 312 911 30 60\">0 312 911 30 60<\/a><br><a href=\"tel:0 850 304 03 12\">0 850 304 03 12<\/a><br \/>\n<br \/>\n<\/div> \r\n\t\t\t\t\t<\/div>\r\n\t<\/div>\r\n\t<\/div>\t\t\t\t<\/div>\n\t\t\t\t<\/div>\n\t\t\t\t<div class=\"elementor-element elementor-element-8ee5fd8 elementor-widget-divider--view-line pxl-wg-bd-anm-no elementor-widget elementor-widget-divider\" data-id=\"8ee5fd8\" data-element_type=\"widget\" data-widget_type=\"divider.default\">\n\t\t\t\t\t\t\t<div class=\"elementor-divider\">\n\t\t\t<span class=\"elementor-divider-separator\">\n\t\t\t\t\t\t<\/span>\n\t\t<\/div>\n\t\t\t\t\t\t<\/div>\n\t\t\t\t<div class=\"elementor-element elementor-element-0acc09f pxl-contact-info-layout-1 pxl-wg-bd-anm-no elementor-widget elementor-widget-pxl_contact_info\" data-id=\"0acc09f\" data-element_type=\"widget\" data-widget_type=\"pxl_contact_info.default\">\n\t\t\t\t<div class=\"elementor-widget-container\">\n\t\t\t\t\t<div class=\"pxl-ci-wrap layout-1 relative  show-popup\">\r\n\t<div class=\"ci-content-wrap\">\r\n\t\t<div class=\"ci-content\">\r\n\t\t\t\t\t\t\t<h4 class=\"ci-title\">Adres<\/h4> \r\n\t\t\t\t\t\t\t\t\t\t<div class=\"ci-desc\">Altay Mah. Orhan Bey Cad. Atay\u0131ld\u0131z Plaza No:01\/10 Eryaman \/ ANKARA<\/div> \r\n\t\t\t\t\t<\/div>\r\n\t<\/div>\r\n\t<\/div>\t\t\t\t<\/div>\n\t\t\t\t<\/div>\n\t\t\t\t<div class=\"elementor-element elementor-element-75c723e elementor-widget-divider--view-line pxl-wg-bd-anm-no elementor-widget elementor-widget-divider\" data-id=\"75c723e\" data-element_type=\"widget\" data-widget_type=\"divider.default\">\n\t\t\t\t\t\t\t<div class=\"elementor-divider\">\n\t\t\t<span class=\"elementor-divider-separator\">\n\t\t\t\t\t\t<\/span>\n\t\t<\/div>\n\t\t\t\t\t\t<\/div>\n\t\t            <\/div>\r\n        <\/div>\r\n        \t\t\t<\/div>\n\t\t<\/section>\n\t\t\t\t<\/div>\n\t\t","protected":false},"excerpt":{"rendered":"<p>Email info@life312.com.tr Telefon 0 312 911 30 60 0 850 304 03 12 Adres Altay Mah. Orhan Bey Cad. Atay\u0131ld\u0131z Plaza No:01\/10 Eryaman \/ ANKARA<\/p>\n","protected":false},"author":1,"featured_media":0,"parent":0,"menu_order":0,"comment_status":"closed","ping_status":"closed","template":"","meta":{"footnotes":""},"class_list":["post-39","page","type-page","status-publish","hentry"],"_links":{"self":[{"href":"https:\/\/life312.com.tr\/TR\/wp-json\/wp\/v2\/pages\/39","targetHints":{"allow":["GET"]}}],"collection":[{"href":"https:\/\/life312.com.tr\/TR\/wp-json\/wp\/v2\/pages"}],"about":[{"href":"https:\/\/life312.com.tr\/TR\/wp-json\/wp\/v2\/types\/page"}],"author":[{"embeddable":true,"href":"https:\/\/life312.com.tr\/TR\/wp-json\/wp\/v2\/users\/1"}],"replies":[{"embeddable":true,"href":"https:\/\/life312.com.tr\/TR\/wp-json\/wp\/v2\/comments?post=39"}],"version-history":[{"count":5,"href":"https:\/\/life312.com.tr\/TR\/wp-json\/wp\/v2\/pages\/39\/revisions"}],"predecessor-version":[{"id":29779,"href":"https:\/\/life312.com.tr\/TR\/wp-json\/wp\/v2\/pages\/39\/revisions\/29779"}],"wp:attachment":[{"href":"https:\/\/life312.com.tr\/TR\/wp-json\/wp\/v2\/media?parent=39"}],"curies":[{"name":"wp","href":"https:\/\/api.w.org\/{rel}","templated":true}]}}