{"id":29736,"date":"2026-01-28T13:46:08","date_gmt":"2026-01-28T13:46:08","guid":{"rendered":"https:\/\/life312.com.tr\/TR\/?page_id=29736"},"modified":"2026-01-31T08:20:03","modified_gmt":"2026-01-31T08:20:03","slug":"enerji-kimlik-belgelerinin-alinmasi","status":"publish","type":"page","link":"https:\/\/life312.com.tr\/TR\/hizmetlerimiz\/enerji-kimlik-belgelerinin-alinmasi\/","title":{"rendered":"Enerji Kimlik Belgelerinin Al\u0131nmas\u0131"},"content":{"rendered":"\t\t<div data-elementor-type=\"wp-page\" data-elementor-id=\"29736\" class=\"elementor elementor-29736\" data-elementor-post-type=\"page\">\n\t\t\t\t<div class=\"elementor-element elementor-element-1ea0f7a e-flex e-con-boxed e-con e-parent \" data-id=\"1ea0f7a\" data-element_type=\"container\">\t\t\t<div class=\"e-con-inner\">\r\n\t\t\t\t<div class=\"elementor-element elementor-element-074a2e7 pxl-wg-bd-anm-no elementor-widget elementor-widget-text-editor\" data-id=\"074a2e7\" data-element_type=\"widget\" data-widget_type=\"text-editor.default\">\n\t\t\t\t\t\t\t\t\t<p>Binalarda enerji performans\u0131 y\u00f6netmeli\u011fi gere\u011fince\u00a0<strong>01 Ocak 2011<\/strong>\u00a0tarihinden sonra yap\u0131 ruhsat\u0131 alan binalar yeni bina, bu tarihten \u00f6nce yap\u0131 ruhsat\u0131 alan binalar\u00a0<strong>mevcut\u00a0bina\u00a0<\/strong>olarak de\u011ferlendirilmektedir.<\/p><p>Bu tan\u0131ma istinaden yeni veya mevcut binalar\u0131n\u00a0<strong>Enerji Kimlik Belgesi<\/strong>\u00a0almasi zorunlu k\u0131l\u0131nm\u0131\u015ft\u0131r.\u00a0<strong>Enerji Kimlik Belgesi<\/strong>; binan\u0131n enerji ihtiyac\u0131 ve enerji t\u00fcketim s\u0131n\u0131fland\u0131rmas\u0131, yal\u0131t\u0131m \u00f6zellikleri, \u0131s\u0131tma ve\/veya so\u011futma sistemlerinin verimi ile ilgili bilgileri i\u00e7eren binan\u0131z\u0131n enerji performans\u0131n\u0131 g\u00f6steren belgedir. Binalar\u0131n\u00a0<strong>Enerji Kimlik Belgeleri<\/strong>\u00a0olmadan, iskans\u0131z olanlar\u0131n iskan ruhsat\u0131 alabilmeleri, sat\u0131labilmesi ya da kiralanabilmesi m\u00fcmk\u00fcn de\u011fildir. Mevcut binalara (yani 1 Ocak 2011 tarihinden \u00f6nce iskan al\u0131nan binanlar) kanunen\u00a0<strong>2 May\u0131s 2017<\/strong>\u00a0tarihine kadar\u00a0<strong>Enerji Kimlik Belgesi<\/strong>\u00a0al\u0131nmas\u0131 zorunludur. \u015eirketimizde Enerji Kimlik Belgeleri ile ilgili ba\u015fvurular\u0131n\u0131z ve ba\u015fvuru takipleriniz yap\u0131lmaktad\u0131r.<\/p>\t\t\t\t\t\t\t\t<\/div>\n\t\t\t\t\t<\/div>\r\n\t\t\t\t<\/div>\r\n\t\t\t\t<\/div>\n\t\t","protected":false},"excerpt":{"rendered":"<p>Binalarda enerji performans\u0131 y\u00f6netmeli\u011fi gere\u011fince\u00a001 Ocak 2011\u00a0tarihinden sonra yap\u0131 ruhsat\u0131 alan binalar yeni bina, bu tarihten \u00f6nce yap\u0131 ruhsat\u0131 alan binalar\u00a0mevcut\u00a0bina\u00a0olarak de\u011ferlendirilmektedir. Bu tan\u0131ma istinaden yeni veya mevcut binalar\u0131n\u00a0Enerji Kimlik Belgesi\u00a0almasi zorunlu k\u0131l\u0131nm\u0131\u015ft\u0131r.\u00a0Enerji Kimlik Belgesi; binan\u0131n enerji ihtiyac\u0131 ve enerji t\u00fcketim s\u0131n\u0131fland\u0131rmas\u0131, yal\u0131t\u0131m \u00f6zellikleri, \u0131s\u0131tma ve\/veya so\u011futma sistemlerinin verimi ile ilgili bilgileri i\u00e7eren binan\u0131z\u0131n enerji [&hellip;]<\/p>\n","protected":false},"author":1,"featured_media":0,"parent":29706,"menu_order":0,"comment_status":"closed","ping_status":"closed","template":"","meta":{"footnotes":""},"class_list":["post-29736","page","type-page","status-publish","hentry"],"_links":{"self":[{"href":"https:\/\/life312.com.tr\/TR\/wp-json\/wp\/v2\/pages\/29736","targetHints":{"allow":["GET"]}}],"collection":[{"href":"https:\/\/life312.com.tr\/TR\/wp-json\/wp\/v2\/pages"}],"about":[{"href":"https:\/\/life312.com.tr\/TR\/wp-json\/wp\/v2\/types\/page"}],"author":[{"embeddable":true,"href":"https:\/\/life312.com.tr\/TR\/wp-json\/wp\/v2\/users\/1"}],"replies":[{"embeddable":true,"href":"https:\/\/life312.com.tr\/TR\/wp-json\/wp\/v2\/comments?post=29736"}],"version-history":[{"count":4,"href":"https:\/\/life312.com.tr\/TR\/wp-json\/wp\/v2\/pages\/29736\/revisions"}],"predecessor-version":[{"id":29871,"href":"https:\/\/life312.com.tr\/TR\/wp-json\/wp\/v2\/pages\/29736\/revisions\/29871"}],"up":[{"embeddable":true,"href":"https:\/\/life312.com.tr\/TR\/wp-json\/wp\/v2\/pages\/29706"}],"wp:attachment":[{"href":"https:\/\/life312.com.tr\/TR\/wp-json\/wp\/v2\/media?parent=29736"}],"curies":[{"name":"wp","href":"https:\/\/api.w.org\/{rel}","templated":true}]}}