{"id":29734,"date":"2026-01-28T13:45:46","date_gmt":"2026-01-28T13:45:46","guid":{"rendered":"https:\/\/life312.com.tr\/TR\/?page_id=29734"},"modified":"2026-01-31T08:14:28","modified_gmt":"2026-01-31T08:14:28","slug":"muhasebe-ve-aidat-takip-hizmetleri","status":"publish","type":"page","link":"https:\/\/life312.com.tr\/TR\/hizmetlerimiz\/muhasebe-ve-aidat-takip-hizmetleri\/","title":{"rendered":"Muhasebe Ve Aidat Takip Hizmetleri"},"content":{"rendered":"\t\t<div data-elementor-type=\"wp-page\" data-elementor-id=\"29734\" class=\"elementor elementor-29734\" data-elementor-post-type=\"page\">\n\t\t\t\t<div class=\"elementor-element elementor-element-cb5c4a5 e-flex e-con-boxed e-con e-parent \" data-id=\"cb5c4a5\" data-element_type=\"container\">\t\t\t<div class=\"e-con-inner\">\r\n\t\t\t\t<div class=\"elementor-element elementor-element-abac0b2 pxl-wg-bd-anm-no elementor-widget elementor-widget-text-editor\" data-id=\"abac0b2\" data-element_type=\"widget\" data-widget_type=\"text-editor.default\">\n\t\t\t\t\t\t\t\t\t<ul><li>\u0130\u015fletme projesi haz\u0131rlan\u0131r.<\/li><li>Banka hesab\u0131 olmayan apartmanlar i\u00e7in banka hesab\u0131 a\u00e7t\u0131r\u0131l\u0131r.<\/li><li>Ayl\u0131k aidat ve avanslar\u0131n Bina\/Site y\u00f6netim hesab\u0131nda toplanmas\u0131 sa\u011flan\u0131r.<\/li><li>Gelir ve giderler d\u00fczenli olarak i\u015fletme defterine i\u015flenir.<\/li><li>\u0130\u015fletme ve karar defterlerinin noter tasdik i\u015flemleri yapt\u0131r\u0131l\u0131r ve y\u0131l sonunda kapatt\u0131r\u0131l\u0131r.<\/li><li>Ortak mahal elektrik, su ve do\u011falgaz abonelikleri yapt\u0131r\u0131l\u0131r.<\/li><li>Ortak mahal aboneliklerine tahakkuk eden faturalar, mal ve hizmet al\u0131m faturalar\u0131 d\u00fczenli olarak \u00f6denir.<\/li><li>Personel maa\u015flar\u0131 \u00f6denir.<\/li><li>T\u00fcm gelir ve giderler muhasebele\u015ftirilir.<\/li><li>Ay sonlar\u0131nda mali raporlar site sakinlerine ve y\u00f6netim kuruluna d\u00fczenli olarak sunulur.<\/li><li>D\u00f6nem sonunda y\u0131ll\u0131k faaliyet raporu ve muhasebe kay\u0131tlar\u0131 yap\u0131l\u0131r.<\/li><\/ul>\t\t\t\t\t\t\t\t<\/div>\n\t\t\t\t\t<\/div>\r\n\t\t\t\t<\/div>\r\n\t\t\t\t<\/div>\n\t\t","protected":false},"excerpt":{"rendered":"<p>\u0130\u015fletme projesi haz\u0131rlan\u0131r. Banka hesab\u0131 olmayan apartmanlar i\u00e7in banka hesab\u0131 a\u00e7t\u0131r\u0131l\u0131r. Ayl\u0131k aidat ve avanslar\u0131n Bina\/Site y\u00f6netim hesab\u0131nda toplanmas\u0131 sa\u011flan\u0131r. Gelir ve giderler d\u00fczenli olarak i\u015fletme defterine i\u015flenir. \u0130\u015fletme ve karar defterlerinin noter tasdik i\u015flemleri yapt\u0131r\u0131l\u0131r ve y\u0131l sonunda kapatt\u0131r\u0131l\u0131r. Ortak mahal elektrik, su ve do\u011falgaz abonelikleri yapt\u0131r\u0131l\u0131r. Ortak mahal aboneliklerine tahakkuk eden faturalar, mal [&hellip;]<\/p>\n","protected":false},"author":1,"featured_media":0,"parent":29706,"menu_order":0,"comment_status":"closed","ping_status":"closed","template":"","meta":{"footnotes":""},"class_list":["post-29734","page","type-page","status-publish","hentry"],"_links":{"self":[{"href":"https:\/\/life312.com.tr\/TR\/wp-json\/wp\/v2\/pages\/29734","targetHints":{"allow":["GET"]}}],"collection":[{"href":"https:\/\/life312.com.tr\/TR\/wp-json\/wp\/v2\/pages"}],"about":[{"href":"https:\/\/life312.com.tr\/TR\/wp-json\/wp\/v2\/types\/page"}],"author":[{"embeddable":true,"href":"https:\/\/life312.com.tr\/TR\/wp-json\/wp\/v2\/users\/1"}],"replies":[{"embeddable":true,"href":"https:\/\/life312.com.tr\/TR\/wp-json\/wp\/v2\/comments?post=29734"}],"version-history":[{"count":4,"href":"https:\/\/life312.com.tr\/TR\/wp-json\/wp\/v2\/pages\/29734\/revisions"}],"predecessor-version":[{"id":29868,"href":"https:\/\/life312.com.tr\/TR\/wp-json\/wp\/v2\/pages\/29734\/revisions\/29868"}],"up":[{"embeddable":true,"href":"https:\/\/life312.com.tr\/TR\/wp-json\/wp\/v2\/pages\/29706"}],"wp:attachment":[{"href":"https:\/\/life312.com.tr\/TR\/wp-json\/wp\/v2\/media?parent=29734"}],"curies":[{"name":"wp","href":"https:\/\/api.w.org\/{rel}","templated":true}]}}