{"id":29732,"date":"2026-01-28T13:45:22","date_gmt":"2026-01-28T13:45:22","guid":{"rendered":"https:\/\/life312.com.tr\/TR\/?page_id=29732"},"modified":"2026-01-31T08:12:36","modified_gmt":"2026-01-31T08:12:36","slug":"temizlik-hizmetleri","status":"publish","type":"page","link":"https:\/\/life312.com.tr\/TR\/hizmetlerimiz\/temizlik-hizmetleri\/","title":{"rendered":"Temizlik Hizmetleri"},"content":{"rendered":"\t\t<div data-elementor-type=\"wp-page\" data-elementor-id=\"29732\" class=\"elementor elementor-29732\" data-elementor-post-type=\"page\">\n\t\t\t\t<div class=\"elementor-element elementor-element-38109f0 e-flex e-con-boxed e-con e-parent \" data-id=\"38109f0\" data-element_type=\"container\">\t\t\t<div class=\"e-con-inner\">\r\n\t\t\t\t<div class=\"elementor-element elementor-element-b2ab9c5 pxl-wg-bd-anm-no elementor-widget elementor-widget-text-editor\" data-id=\"b2ab9c5\" data-element_type=\"widget\" data-widget_type=\"text-editor.default\">\n\t\t\t\t\t\t\t\t\t<h4>Daha temiz ve sa\u011fl\u0131kl\u0131 bir ya\u015fam alan\u0131 i\u00e7in temizlik birimimiz, 365 g\u00fcn 7\/24 kaliteden ve titizlikten \u00f6d\u00fcn vermeyerek hizmet vermektedir. Temizlik prosed\u00fcr\u00fcnde yer alan hizmetlerimiz;<\/h4><ul><li>Bina giri\u015f , lobi ve kat temizlik hizmetleri<\/li><li>\u00c7evre ve otopark temizli\u011fi<\/li><li>Havuzlar\u0131n filtrasyon temizli\u011fi, y\u00fczeydeki yabanc\u0131 maddelerin temizli\u011fi, dip temizli\u011fi ve s\u00fcp\u00fcr\u00fclmesi<\/li><li>Havuz savak kanallar\u0131n\u0131n ve \u0131zgaralar\u0131n temizli\u011fi<\/li><li>Teknik hacim temizlikleri<\/li><li>Yang\u0131n merdiveni temizlikleri<\/li><li>Asans\u00f6r temizli\u011fi<\/li><li>\u00c7evre ve otopark temizli\u011fi<\/li><li>Ye\u015fil alan temizli\u011fi<\/li><li>D\u0131\u015f cephe cam temizli\u011fi<\/li><li>Ortak alanlar\u0131n temizli\u011fi ve dezenfektasyonu<\/li><\/ul><h4>Her g\u00fcn bah\u00e7elerde y\u00fczbinlerce bakteri, parazit, b\u00f6cek, mikro organik canl\u0131lar ve bitkiler yo\u011fun bir faaliyet i\u00e7indedirler. Bu y\u00fczden bah\u00e7elere do\u011fru zamanda m\u00fcdahalenin yap\u0131lmas\u0131 gerekmektedir. Deneyimli ekibimiz ve tecr\u00fcbeli peyzaj mimarlar\u0131 denetiminde, ye\u015fil alanlar\u0131n\u0131z\u0131n \u00f6mr\u00fcn uzatmak ve en g\u00fczel formda tutmak i\u00e7in hizmet vermekteyiz. Verilen hizmetler kapsam\u0131nda;<\/h4><ul><li>Ye\u015fil alanlar\u0131n sulanmas\u0131<\/li><li>\u00c7imlerin bi\u00e7ilmesi<\/li><li>Yabani otlar\u0131n ay\u0131klanmas\u0131<\/li><li>A\u011fa\u00e7lar\u0131n budanmas\u0131<\/li><li>Mevsimine uygun bitki ve \u00e7i\u00e7eklerin ekilmesi<\/li><li>G\u00fcbreleme<\/li><li>Zirai m\u00fccadelenin yap\u0131lmas\u0131<\/li><li>Ye\u015fil alanlar, otoparklar, \u00e7at\u0131 katlar\u0131, merdivenler, s\u0131\u011f\u0131naklar gibi t\u00fcm ortak alanlar\u0131n ila\u00e7lanmas\u0131<\/li><\/ul>\t\t\t\t\t\t\t\t<\/div>\n\t\t\t\t\t<\/div>\r\n\t\t\t\t<\/div>\r\n\t\t\t\t<\/div>\n\t\t","protected":false},"excerpt":{"rendered":"<p>Daha temiz ve sa\u011fl\u0131kl\u0131 bir ya\u015fam alan\u0131 i\u00e7in temizlik birimimiz, 365 g\u00fcn 7\/24 kaliteden ve titizlikten \u00f6d\u00fcn vermeyerek hizmet vermektedir. Temizlik prosed\u00fcr\u00fcnde yer alan hizmetlerimiz; Bina giri\u015f , lobi ve kat temizlik hizmetleri \u00c7evre ve otopark temizli\u011fi Havuzlar\u0131n filtrasyon temizli\u011fi, y\u00fczeydeki yabanc\u0131 maddelerin temizli\u011fi, dip temizli\u011fi ve s\u00fcp\u00fcr\u00fclmesi Havuz savak kanallar\u0131n\u0131n ve \u0131zgaralar\u0131n temizli\u011fi Teknik [&hellip;]<\/p>\n","protected":false},"author":1,"featured_media":0,"parent":29706,"menu_order":0,"comment_status":"closed","ping_status":"closed","template":"","meta":{"footnotes":""},"class_list":["post-29732","page","type-page","status-publish","hentry"],"_links":{"self":[{"href":"https:\/\/life312.com.tr\/TR\/wp-json\/wp\/v2\/pages\/29732","targetHints":{"allow":["GET"]}}],"collection":[{"href":"https:\/\/life312.com.tr\/TR\/wp-json\/wp\/v2\/pages"}],"about":[{"href":"https:\/\/life312.com.tr\/TR\/wp-json\/wp\/v2\/types\/page"}],"author":[{"embeddable":true,"href":"https:\/\/life312.com.tr\/TR\/wp-json\/wp\/v2\/users\/1"}],"replies":[{"embeddable":true,"href":"https:\/\/life312.com.tr\/TR\/wp-json\/wp\/v2\/comments?post=29732"}],"version-history":[{"count":4,"href":"https:\/\/life312.com.tr\/TR\/wp-json\/wp\/v2\/pages\/29732\/revisions"}],"predecessor-version":[{"id":29865,"href":"https:\/\/life312.com.tr\/TR\/wp-json\/wp\/v2\/pages\/29732\/revisions\/29865"}],"up":[{"embeddable":true,"href":"https:\/\/life312.com.tr\/TR\/wp-json\/wp\/v2\/pages\/29706"}],"wp:attachment":[{"href":"https:\/\/life312.com.tr\/TR\/wp-json\/wp\/v2\/media?parent=29732"}],"curies":[{"name":"wp","href":"https:\/\/api.w.org\/{rel}","templated":true}]}}