{"id":29730,"date":"2026-01-28T13:45:03","date_gmt":"2026-01-28T13:45:03","guid":{"rendered":"https:\/\/life312.com.tr\/TR\/?page_id=29730"},"modified":"2026-01-31T08:10:58","modified_gmt":"2026-01-31T08:10:58","slug":"teknik-destek-hizmetleri","status":"publish","type":"page","link":"https:\/\/life312.com.tr\/TR\/hizmetlerimiz\/teknik-destek-hizmetleri\/","title":{"rendered":"Teknik Destek Hizmetleri"},"content":{"rendered":"\t\t<div data-elementor-type=\"wp-page\" data-elementor-id=\"29730\" class=\"elementor elementor-29730\" data-elementor-post-type=\"page\">\n\t\t\t\t<div class=\"elementor-element elementor-element-f47ccc9 e-flex e-con-boxed e-con e-parent \" data-id=\"f47ccc9\" data-element_type=\"container\">\t\t\t<div class=\"e-con-inner\">\r\n\t\t\t\t<div class=\"elementor-element elementor-element-d65155d pxl-wg-bd-anm-no elementor-widget elementor-widget-text-editor\" data-id=\"d65155d\" data-element_type=\"widget\" data-widget_type=\"text-editor.default\">\n\t\t\t\t\t\t\t\t\t<h4>Bloklarda ve sitelerde yer alan ya\u015fam alanlar\u0131nda\u00a0 bulunan t\u00fcm mekanik ve otomatik donan\u0131m\u0131n k\u0131saca sitedeki t\u00fcm teknik sistemlerin her t\u00fcrl\u00fc bak\u0131m, onar\u0131m, i\u015flerli\u011finini sa\u011flamaktay\u0131z. Teknik \u00e7al\u0131\u015fmalar\u0131n ana ba\u015fl\u0131klar\u0131\u00a0 a\u015fa\u011f\u0131daki gibidir, bu ba\u015fl\u0131klar alt\u0131nda yer alan t\u00fcm konularda Life312 olarak kaliteli ve profesyonel hizmet sunmaktay\u0131z.<\/h4><ul><li>Ana demirba\u015f ve t\u00fcm teknik cihaz bak\u0131m s\u00f6zle\u015fmelerinin ger\u00e7ekle\u015ftirilmesi<\/li><li>T\u00fcm rutin bak\u0131m ve onar\u0131mlar\u0131n takviminin olu\u015fturulmas\u0131, takibi ve kay\u0131t alt\u0131nda tutulmas\u0131<\/li><li>Cihaz ar\u0131za vb. durumlar\u0131n minimize edilerek optimum fayda sa\u011flanmas\u0131 i\u00e7in gerekli yat\u0131r\u0131m faaliyetlerinin planlanmas\u0131 ve y\u00f6netime raporlanmas\u0131<\/li><li>Acil ar\u0131za vb. olumsuz durumlarda sistemin aksamadan y\u00fcr\u00fct\u00fclmesi i\u00e7in gerekli faaliyetlerin ger\u00e7ekle\u015ftirilmesi<\/li><li>Rutin teknik servis kontrollerinin yap\u0131larak ayd\u0131nlatma, s\u0131hhi tesisat ka\u00e7aklar\u0131, t\u0131knma vb. durumlar\u0131n teknik personel ile giderilmesi<\/li><li>Su deposu, hidrofor bak\u0131m ve onar\u0131m\u0131<\/li><li>Jenerat\u00f6r ve yak\u0131t tank\u0131 bak\u0131m ve onar\u0131m\u0131<\/li><li>Asans\u00f6rler ve \u00e7at\u0131 aras\u0131 makine daireleri bak\u0131m ve onar\u0131m\u0131<\/li><li>Santral ve telefon sistemleri bak\u0131m ve onar\u0131m\u0131<\/li><li>Merkezi sistem dahili telefon bak\u0131m ve onar\u0131m\u0131<\/li><li>Merkezi TV anten sistemi bak\u0131m ve onar\u0131m\u0131<\/li><li>Merkezi uydu sistemi bak\u0131m ve onar\u0131m\u0131<\/li><li>Klima sistemleri bak\u0131m ve onar\u0131m\u0131<\/li><li>Paratoner sistemi, yayg\u0131n alarm sistemi bak\u0131m ve onar\u0131m\u0131<\/li><li>Havuzlar\u0131n filtrasyon sistemlerinin kontrol\u00fc, t\u00fcm su alma, bo\u015faltma ve devir daim tesisatlar\u0131n\u0131n kontrol\u00fc<\/li><li>Havuz suyu kimyasallar\u0131n\u0131n uygun metotlarla havuza kar\u0131\u015f\u0131t\u0131rlmas\u0131, kimyasal de\u011fer \u00f6l\u00e7\u00fcmlerinin yap\u0131lmas\u0131<\/li><li>\u00c7evre ayd\u0131nlatma sistemi ve blok ayd\u0131nlatma bak\u0131m ve onar\u0131m\u0131<\/li><li>Spor tesislerinin ayd\u0131nlatma sistemleri bak\u0131m ve onar\u0131m\u0131<\/li><li>Otomatik giri\u015f bariyerleri bak\u0131m ve onar\u0131m\u0131<\/li><li>Kap\u0131 zilleri, otomatlar\u0131 bak\u0131m ve onar\u0131m\u0131<\/li><li>Ortak alanlardaki t\u00fcm su tesisat\u0131 bak\u0131m ve onar\u0131m\u0131<\/li><li>Su depolar\u0131 bak\u0131m ve onar\u0131m\u0131<\/li><li>Spor salonlar\u0131 ve donan\u0131mlar\u0131 bak\u0131m ve onar\u0131m\u0131<\/li><li>Ortak alanlarda ve bloklarda bulunan t\u00fcm mekanik ve otomatik donan\u0131m (kap\u0131lar, pencereler vs.)<\/li><li>Y\u00f6netim ofisi ve t\u00fcm m\u00fc\u015ftemilat\u0131 ile donan\u0131mlar\u0131,<\/li><li>Tesis dahilinde bulunan buraya yaz\u0131lmam\u0131\u015f, siteye ek olarak tesis edilebilecek t\u00fcm teknik benzer sistemlerin her t\u00fcrl\u00fc bak\u0131m, onar\u0131m ve i\u015flerli\u011finin sa\u011flanmas\u0131,<\/li><\/ul>\t\t\t\t\t\t\t\t<\/div>\n\t\t\t\t\t<\/div>\r\n\t\t\t\t<\/div>\r\n\t\t\t\t<\/div>\n\t\t","protected":false},"excerpt":{"rendered":"<p>Bloklarda ve sitelerde yer alan ya\u015fam alanlar\u0131nda\u00a0 bulunan t\u00fcm mekanik ve otomatik donan\u0131m\u0131n k\u0131saca sitedeki t\u00fcm teknik sistemlerin her t\u00fcrl\u00fc bak\u0131m, onar\u0131m, i\u015flerli\u011finini sa\u011flamaktay\u0131z. Teknik \u00e7al\u0131\u015fmalar\u0131n ana ba\u015fl\u0131klar\u0131\u00a0 a\u015fa\u011f\u0131daki gibidir, bu ba\u015fl\u0131klar alt\u0131nda yer alan t\u00fcm konularda Life312 olarak kaliteli ve profesyonel hizmet sunmaktay\u0131z. Ana demirba\u015f ve t\u00fcm teknik cihaz bak\u0131m s\u00f6zle\u015fmelerinin ger\u00e7ekle\u015ftirilmesi T\u00fcm rutin [&hellip;]<\/p>\n","protected":false},"author":1,"featured_media":0,"parent":29706,"menu_order":0,"comment_status":"closed","ping_status":"closed","template":"","meta":{"footnotes":""},"class_list":["post-29730","page","type-page","status-publish","hentry"],"_links":{"self":[{"href":"https:\/\/life312.com.tr\/TR\/wp-json\/wp\/v2\/pages\/29730","targetHints":{"allow":["GET"]}}],"collection":[{"href":"https:\/\/life312.com.tr\/TR\/wp-json\/wp\/v2\/pages"}],"about":[{"href":"https:\/\/life312.com.tr\/TR\/wp-json\/wp\/v2\/types\/page"}],"author":[{"embeddable":true,"href":"https:\/\/life312.com.tr\/TR\/wp-json\/wp\/v2\/users\/1"}],"replies":[{"embeddable":true,"href":"https:\/\/life312.com.tr\/TR\/wp-json\/wp\/v2\/comments?post=29730"}],"version-history":[{"count":4,"href":"https:\/\/life312.com.tr\/TR\/wp-json\/wp\/v2\/pages\/29730\/revisions"}],"predecessor-version":[{"id":29862,"href":"https:\/\/life312.com.tr\/TR\/wp-json\/wp\/v2\/pages\/29730\/revisions\/29862"}],"up":[{"embeddable":true,"href":"https:\/\/life312.com.tr\/TR\/wp-json\/wp\/v2\/pages\/29706"}],"wp:attachment":[{"href":"https:\/\/life312.com.tr\/TR\/wp-json\/wp\/v2\/media?parent=29730"}],"curies":[{"name":"wp","href":"https:\/\/api.w.org\/{rel}","templated":true}]}}