{"id":29728,"date":"2026-01-28T13:44:43","date_gmt":"2026-01-28T13:44:43","guid":{"rendered":"https:\/\/life312.com.tr\/TR\/?page_id=29728"},"modified":"2026-01-31T08:06:39","modified_gmt":"2026-01-31T08:06:39","slug":"guvenlik-hizmetleri","status":"publish","type":"page","link":"https:\/\/life312.com.tr\/TR\/hizmetlerimiz\/guvenlik-hizmetleri\/","title":{"rendered":"G\u00fcvenlik Hizmetleri"},"content":{"rendered":"\t\t<div data-elementor-type=\"wp-page\" data-elementor-id=\"29728\" class=\"elementor elementor-29728\" data-elementor-post-type=\"page\">\n\t\t\t\t<div class=\"elementor-element elementor-element-328e308 e-flex e-con-boxed e-con e-parent \" data-id=\"328e308\" data-element_type=\"container\">\t\t\t<div class=\"e-con-inner\">\r\n\t\t\t\t<div class=\"elementor-element elementor-element-144923b pxl-wg-bd-anm-no elementor-widget elementor-widget-text-editor\" data-id=\"144923b\" data-element_type=\"widget\" data-widget_type=\"text-editor.default\">\n\t\t\t\t\t\t\t\t\t<h4>Huzurlu ve g\u00fcvenli bir ortamda sevdiklerinizle rahat\u00e7a ya\u015faman\u0131z ve vakit ge\u00e7irmeniz i\u00e7in profesyonel g\u00fcvenlik birimimiz 7\/24 kesintisiz hizmet vermektedir. Verilen hizmetler kapsam\u0131nda;<\/h4><ul><li>Kat maliklerinin yap\u0131s\u0131 (parti, el\u00e7i, vb.) incelenerek h\u0131rs\u0131zl\u0131k, sabotaj, gasp ve benzeri olaylara kar\u015f\u0131 risk analizlerinin olu\u015fturulmas\u0131<\/li><li>Toplu konut giri\u015f ve \u00e7\u0131k\u0131\u015flar\u0131n\u0131n sa\u011fland\u0131\u011f\u0131 nizamiye kap\u0131lar\u0131nda sabit g\u00fcvenli hizmeti sunulmas\u0131<\/li><li>Sabit g\u00fcvenli\u011fe ek olarak d\u00f6n\u00fc\u015f\u00fcml\u00fc devriye g\u00fcvenlik hizmeti ile t\u00fcm alan\u0131n g\u00fcvenli\u011finin sa\u011flanmas\u0131<\/li><li>Toplu konutlara d\u0131\u015far\u0131dan yap\u0131lacak t\u00fcm giri\u015f ve \u00e7\u0131k\u0131\u015flar\u0131n kay\u0131t alt\u0131nda tutulmas\u0131 ve kat malikinin onay\u0131 olmadan giri\u015fe izin verilmemesi<\/li><li>Binan\u0131n genel kontrol hizmeti dahilinde a\u00e7\u0131k pencerelerin, \u0131\u015f\u0131klar\u0131n, musluklar\u0131n kapal\u0131 oldu\u011funun kontrollerinin sa\u011flanmas\u0131<\/li><li>G\u00fcvenlik talimatlar\u0131n\u0131n olu\u015fturulmas\u0131 ve t\u00fcm kat maliklerine tebli\u011f edilmesi<\/li><li>Otopark kullan\u0131m saatlerinin belirlenmesi ve otopark kap\u0131lar\u0131n\u0131n kapal\u0131 tutulmas\u0131<\/li><li>T\u00fcm alan\u0131n 7\/24 g\u00fcvenlik kameralar\u0131yla izlenmesi<\/li><li>\u00c7evre risk analizi ve ayl\u0131k g\u00fcvenlik raporlar\u0131n\u0131n y\u00f6netimce de\u011ferlendirilmesi<\/li><\/ul>\t\t\t\t\t\t\t\t<\/div>\n\t\t\t\t\t<\/div>\r\n\t\t\t\t<\/div>\r\n\t\t\t\t<\/div>\n\t\t","protected":false},"excerpt":{"rendered":"<p>Huzurlu ve g\u00fcvenli bir ortamda sevdiklerinizle rahat\u00e7a ya\u015faman\u0131z ve vakit ge\u00e7irmeniz i\u00e7in profesyonel g\u00fcvenlik birimimiz 7\/24 kesintisiz hizmet vermektedir. Verilen hizmetler kapsam\u0131nda; Kat maliklerinin yap\u0131s\u0131 (parti, el\u00e7i, vb.) incelenerek h\u0131rs\u0131zl\u0131k, sabotaj, gasp ve benzeri olaylara kar\u015f\u0131 risk analizlerinin olu\u015fturulmas\u0131 Toplu konut giri\u015f ve \u00e7\u0131k\u0131\u015flar\u0131n\u0131n sa\u011fland\u0131\u011f\u0131 nizamiye kap\u0131lar\u0131nda sabit g\u00fcvenli hizmeti sunulmas\u0131 Sabit g\u00fcvenli\u011fe ek olarak [&hellip;]<\/p>\n","protected":false},"author":1,"featured_media":0,"parent":29706,"menu_order":0,"comment_status":"closed","ping_status":"closed","template":"","meta":{"footnotes":""},"class_list":["post-29728","page","type-page","status-publish","hentry"],"_links":{"self":[{"href":"https:\/\/life312.com.tr\/TR\/wp-json\/wp\/v2\/pages\/29728","targetHints":{"allow":["GET"]}}],"collection":[{"href":"https:\/\/life312.com.tr\/TR\/wp-json\/wp\/v2\/pages"}],"about":[{"href":"https:\/\/life312.com.tr\/TR\/wp-json\/wp\/v2\/types\/page"}],"author":[{"embeddable":true,"href":"https:\/\/life312.com.tr\/TR\/wp-json\/wp\/v2\/users\/1"}],"replies":[{"embeddable":true,"href":"https:\/\/life312.com.tr\/TR\/wp-json\/wp\/v2\/comments?post=29728"}],"version-history":[{"count":4,"href":"https:\/\/life312.com.tr\/TR\/wp-json\/wp\/v2\/pages\/29728\/revisions"}],"predecessor-version":[{"id":29859,"href":"https:\/\/life312.com.tr\/TR\/wp-json\/wp\/v2\/pages\/29728\/revisions\/29859"}],"up":[{"embeddable":true,"href":"https:\/\/life312.com.tr\/TR\/wp-json\/wp\/v2\/pages\/29706"}],"wp:attachment":[{"href":"https:\/\/life312.com.tr\/TR\/wp-json\/wp\/v2\/media?parent=29728"}],"curies":[{"name":"wp","href":"https:\/\/api.w.org\/{rel}","templated":true}]}}