{"id":29726,"date":"2026-01-28T13:44:22","date_gmt":"2026-01-28T13:44:22","guid":{"rendered":"https:\/\/life312.com.tr\/TR\/?page_id=29726"},"modified":"2026-01-31T08:03:23","modified_gmt":"2026-01-31T08:03:23","slug":"hukuk-danismanligi","status":"publish","type":"page","link":"https:\/\/life312.com.tr\/TR\/hizmetlerimiz\/hukuk-danismanligi\/","title":{"rendered":"Hukuk Dan\u0131\u015fmanl\u0131\u011f\u0131"},"content":{"rendered":"\t\t<div data-elementor-type=\"wp-page\" data-elementor-id=\"29726\" class=\"elementor elementor-29726\" data-elementor-post-type=\"page\">\n\t\t\t\t<div class=\"elementor-element elementor-element-856ef14 e-flex e-con-boxed e-con e-parent \" data-id=\"856ef14\" data-element_type=\"container\">\t\t\t<div class=\"e-con-inner\">\r\n\t\t\t\t<div class=\"elementor-element elementor-element-9720d89 pxl-wg-bd-anm-no elementor-widget elementor-widget-text-editor\" data-id=\"9720d89\" data-element_type=\"widget\" data-widget_type=\"text-editor.default\">\n\t\t\t\t\t\t\t\t\t<h4>Life 312 olarak vermi\u015f oldu\u011fumuz hukuki hizmetlerimiz, toplu ya\u015famlarda ger\u00e7ekle\u015febilecek olas\u0131 sorunlar\u0131 en k\u0131sa s\u00fcrede ve en az zararla atlat\u0131lmas\u0131n\u0131 sa\u011flamaktad\u0131r. Sitelerde y\u00f6netimsel anlamda uzla\u015f\u0131lamayan durumlarda ve y\u00f6netim plan\u0131nda h\u00fck\u00fcm bulunmayan hallerde, Kat M\u00fclkiyeti Hukuku, Medeni Hukuk, Bor\u00e7lar Hukuku ve ilgili yasa h\u00fck\u00fcmleri uygulan\u0131r. T\u00fcm kat maliklerinin hukuki haklar\u0131 ve zorunluluklar\u0131 bilmesi m\u00fcmk\u00fcn olmayaca\u011f\u0131 i\u00e7in vermi\u015f oldu\u011fumuz bu hizmet, huzursuzluklar\u0131n \u00f6nlenmesi i\u00e7in en h\u0131zl\u0131 y\u00f6ntem olacakt\u0131r. Bu kapsamda vermi\u015f oldu\u011fumuz hizmetler \u015fu \u015fekildedir;<\/h4><ul><li>Kat malikleri ya da kirac\u0131lardan aidat ve avans \u00f6demelerini aksatanlar hakk\u0131nda yasal i\u015flemlerin yap\u0131lmas\u0131.<\/li><li>Ortak alanlara ili\u015fkin ortaya \u00e7\u0131kabilecek hukuki problemlere m\u00fcdahale edilerek \u00e7\u00f6z\u00fcm bulunmas\u0131.<\/li><li>Personele ili\u015fkin \u00e7al\u0131\u015fmalarda ortaya \u00e7\u0131kabilecek hukuki ihtilaflar\u0131n \u00e7\u00f6z\u00fcme kavu\u015fturulmas\u0131.<\/li><li>Mal ve hizmet al\u0131m s\u00f6zle\u015fmelerinin mevzuata uygun olarak yap\u0131lmas\u0131n\u0131n sa\u011flanmas\u0131.<\/li><li>Genel kurul toplant\u0131 ve kararlar\u0131n\u0131n mevzuata uygunlu\u011funun sa\u011flanmas\u0131.<\/li><li>Genel kurul toplant\u0131 ve kararlar\u0131n\u0131n hukuka uygunlu\u011funun sa\u011flanmas\u0131.<\/li><li>Bor\u00e7 ve y\u00fck\u00fcml\u00fcl\u00fcklerini yerine getirmeyen kat malikleri ve 3. \u015fah\u0131slar hakk\u0131nda; Noter kanal\u0131yla ihtar ve ihbarname \u00e7ekilmesi, icra takibi yap\u0131lmas\u0131, dava a\u00e7\u0131lmas\u0131.<\/li><li>Mal ve hizmet al\u0131m s\u00f6zle\u015fmelerinin hukuki anlamda yap\u0131lmas\u0131, vb. hizmetler<\/li><\/ul>\t\t\t\t\t\t\t\t<\/div>\n\t\t\t\t\t<\/div>\r\n\t\t\t\t<\/div>\r\n\t\t\t\t<\/div>\n\t\t","protected":false},"excerpt":{"rendered":"<p>Life 312 olarak vermi\u015f oldu\u011fumuz hukuki hizmetlerimiz, toplu ya\u015famlarda ger\u00e7ekle\u015febilecek olas\u0131 sorunlar\u0131 en k\u0131sa s\u00fcrede ve en az zararla atlat\u0131lmas\u0131n\u0131 sa\u011flamaktad\u0131r. Sitelerde y\u00f6netimsel anlamda uzla\u015f\u0131lamayan durumlarda ve y\u00f6netim plan\u0131nda h\u00fck\u00fcm bulunmayan hallerde, Kat M\u00fclkiyeti Hukuku, Medeni Hukuk, Bor\u00e7lar Hukuku ve ilgili yasa h\u00fck\u00fcmleri uygulan\u0131r. T\u00fcm kat maliklerinin hukuki haklar\u0131 ve zorunluluklar\u0131 bilmesi m\u00fcmk\u00fcn olmayaca\u011f\u0131 i\u00e7in [&hellip;]<\/p>\n","protected":false},"author":1,"featured_media":0,"parent":29706,"menu_order":0,"comment_status":"closed","ping_status":"closed","template":"","meta":{"footnotes":""},"class_list":["post-29726","page","type-page","status-publish","hentry"],"_links":{"self":[{"href":"https:\/\/life312.com.tr\/TR\/wp-json\/wp\/v2\/pages\/29726","targetHints":{"allow":["GET"]}}],"collection":[{"href":"https:\/\/life312.com.tr\/TR\/wp-json\/wp\/v2\/pages"}],"about":[{"href":"https:\/\/life312.com.tr\/TR\/wp-json\/wp\/v2\/types\/page"}],"author":[{"embeddable":true,"href":"https:\/\/life312.com.tr\/TR\/wp-json\/wp\/v2\/users\/1"}],"replies":[{"embeddable":true,"href":"https:\/\/life312.com.tr\/TR\/wp-json\/wp\/v2\/comments?post=29726"}],"version-history":[{"count":4,"href":"https:\/\/life312.com.tr\/TR\/wp-json\/wp\/v2\/pages\/29726\/revisions"}],"predecessor-version":[{"id":29856,"href":"https:\/\/life312.com.tr\/TR\/wp-json\/wp\/v2\/pages\/29726\/revisions\/29856"}],"up":[{"embeddable":true,"href":"https:\/\/life312.com.tr\/TR\/wp-json\/wp\/v2\/pages\/29706"}],"wp:attachment":[{"href":"https:\/\/life312.com.tr\/TR\/wp-json\/wp\/v2\/media?parent=29726"}],"curies":[{"name":"wp","href":"https:\/\/api.w.org\/{rel}","templated":true}]}}