{"id":29724,"date":"2026-01-28T13:44:03","date_gmt":"2026-01-28T13:44:03","guid":{"rendered":"https:\/\/life312.com.tr\/TR\/?page_id=29724"},"modified":"2026-01-31T08:01:23","modified_gmt":"2026-01-31T08:01:23","slug":"yonetim-danismanligi","status":"publish","type":"page","link":"https:\/\/life312.com.tr\/TR\/hizmetlerimiz\/yonetim-danismanligi\/","title":{"rendered":"Y\u00f6netim Dan\u0131\u015fmanl\u0131\u011f\u0131"},"content":{"rendered":"\t\t<div data-elementor-type=\"wp-page\" data-elementor-id=\"29724\" class=\"elementor elementor-29724\" data-elementor-post-type=\"page\">\n\t\t\t\t<div class=\"elementor-element elementor-element-470110e e-flex e-con-boxed e-con e-parent \" data-id=\"470110e\" data-element_type=\"container\">\t\t\t<div class=\"e-con-inner\">\r\n\t\t\t\t<div class=\"elementor-element elementor-element-1996e8b pxl-wg-bd-anm-no elementor-widget elementor-widget-text-editor\" data-id=\"1996e8b\" data-element_type=\"widget\" data-widget_type=\"text-editor.default\">\n\t\t\t\t\t\t\t\t\t<h4>Life 312 olarak, toplu ya\u015fam alanlar\u0131nda verdi\u011fimiz dan\u0131\u015fmanl\u0131k hizmetleri, 634 Say\u0131l\u0131 Kat M\u00fclkiyeti Kanunu ve di\u011fer yasal mevzuatlar \u00e7er\u00e7evesinde site ve apartman y\u00f6neticilerimiz ile buralarda ikamet eden sakinlerimizin her t\u00fcrl\u00fc sorunlar\u0131na \u00e7\u00f6z\u00fcm \u00fcretme hizmetinin verilmesidir. Bu kapsamda \u00e7al\u0131\u015fmalar\u0131m\u0131za ba\u015flamadan \u00f6nce daha iyi bir hizmet verebilmek ad\u0131na detayl\u0131 bir \u00f6n haz\u0131rl\u0131k ve planlama s\u00fcrecimiz yer almaktad\u0131r. Bu s\u00fcre\u00e7 dahilindeki hizmetlerimiz;<\/h4><ul><li>Verilecek t\u00fcm hizmetlerin (profesyonel y\u00f6netim, g\u00fcvenlik, temizlik, teknik bak\u0131m, b\u00fct\u00e7e y\u00f6netimi, insan kaynaklar\u0131 planlama, hukuk dan\u0131\u015fmanl\u0131\u011f\u0131, marka dan\u0131\u015fmanl\u0131\u011f\u0131) detayl\u0131 y\u0131ll\u0131k planlamalar\u0131n\u0131n yap\u0131lmas\u0131<\/li><li>Bak\u0131m \u2013 onar\u0131m standartlar\u0131n\u0131n olu\u015fturulmas\u0131<\/li><li>Tedarik\u00e7i tespit ve de\u011ferlendirme<\/li><li>Sat\u0131nalma s\u00fcre\u00e7 planlamas\u0131<\/li><li>S\u00f6zle\u015fme y\u00f6netimi<\/li><li>\u0130\u015fletme organizasyon planlamas\u0131<\/li><li>Hizmet denetim prosed\u00fcrlerinin olu\u015fturulmas\u0131<\/li><li>Aidatlar\u0131n belirlenmesi<\/li><\/ul><h4>\u00d6n haz\u0131rl\u0131k ve planlama s\u00fcrecinin ard\u0131ndan verilecek hizmetler;<\/h4><ul><li>Site y\u00f6netim kurulu, denetim kurulu, site sakinleri, kirac\u0131lar ve site \u00e7al\u0131\u015fanlar\u0131ndan gelen her t\u00fcrl\u00fc soruna, ya\u015fanan problemlere, s\u0131k\u0131nt\u0131lara ve anla\u015fmazl\u0131klara mevzuat do\u011frultusunda do\u011fru \u00e7\u00f6z\u00fcmler \u00fcretilerek anla\u015fmazl\u0131klar\u0131n en aza indirilmesi<\/li><li>Genel Kurul dan\u0131\u015fmanl\u0131\u011f\u0131<\/li><li>Genel Kurulun sevk ve idaresi<\/li><li>M.G.K.\u2019da verilen kararlar\u0131n uygulanmas\u0131<\/li><li>Binalar\u0131n, ortak ya\u015fam alanlar\u0131n\u0131n amac\u0131na uygun kullan\u0131lmas\u0131n\u0131n g\u00f6zetilmesi<\/li><li>Himzet s\u00f6zle\u015femelerinin yap\u0131lmas\u0131 ve denetlenmesi<\/li><li>Site hesaplar\u0131n\u0131n resmi kay\u0131tlar\u0131 g\u00f6re incelenmesi<\/li><li>Y\u00f6netim plan\u0131 haz\u0131rlanmas\u0131<\/li><li>\u0130\u015fletme projesi olmayan sitelere i\u015fletme projesi ve faaliyet raporunun yap\u0131lmas\u0131<\/li><li>M\u00fcteahhit firmalara site y\u00f6netimi ile ilgili olarak her t\u00fcrl\u00fc deste\u011fin verilmesi, ge\u00e7ici y\u00f6netim ve denetim kurullar\u0131n\u0131n atanmas\u0131<\/li><li>Y\u00f6netici ya da y\u00f6netim kurulu se\u00e7imi yapamayan sitelere dan\u0131\u015fmanl\u0131k hizmeti verilmesi.<\/li><li>T\u00fcm hizmet birimlerinin kontrol edilmesi, aksakl\u0131klar\u0131n giderilmesi, ilgili personelin eitilmesi, tedarik\u00e7i firman\u0131n disipline edilmesi<\/li><li>Acil eylem plan\u0131n\u0131n haz\u0131rlanmas\u0131 ve kat maliklerine iletilmesi (deprem, yang\u0131n, bomba ihbar\u0131, vb.)<\/li><li>Acil durum tatbikatlar\u0131n\u0131n ger\u00e7ekle\u015ftirilmesi, tahliye plan\u0131n\u0131n haz\u0131rlanmas\u0131 ve kat maliklerine tebli\u011f edilmesi<\/li><\/ul>\t\t\t\t\t\t\t\t<\/div>\n\t\t\t\t\t<\/div>\r\n\t\t\t\t<\/div>\r\n\t\t\t\t<\/div>\n\t\t","protected":false},"excerpt":{"rendered":"<p>Life 312 olarak, toplu ya\u015fam alanlar\u0131nda verdi\u011fimiz dan\u0131\u015fmanl\u0131k hizmetleri, 634 Say\u0131l\u0131 Kat M\u00fclkiyeti Kanunu ve di\u011fer yasal mevzuatlar \u00e7er\u00e7evesinde site ve apartman y\u00f6neticilerimiz ile buralarda ikamet eden sakinlerimizin her t\u00fcrl\u00fc sorunlar\u0131na \u00e7\u00f6z\u00fcm \u00fcretme hizmetinin verilmesidir. Bu kapsamda \u00e7al\u0131\u015fmalar\u0131m\u0131za ba\u015flamadan \u00f6nce daha iyi bir hizmet verebilmek ad\u0131na detayl\u0131 bir \u00f6n haz\u0131rl\u0131k ve planlama s\u00fcrecimiz yer almaktad\u0131r. [&hellip;]<\/p>\n","protected":false},"author":1,"featured_media":0,"parent":29706,"menu_order":0,"comment_status":"closed","ping_status":"closed","template":"","meta":{"footnotes":""},"class_list":["post-29724","page","type-page","status-publish","hentry"],"_links":{"self":[{"href":"https:\/\/life312.com.tr\/TR\/wp-json\/wp\/v2\/pages\/29724","targetHints":{"allow":["GET"]}}],"collection":[{"href":"https:\/\/life312.com.tr\/TR\/wp-json\/wp\/v2\/pages"}],"about":[{"href":"https:\/\/life312.com.tr\/TR\/wp-json\/wp\/v2\/types\/page"}],"author":[{"embeddable":true,"href":"https:\/\/life312.com.tr\/TR\/wp-json\/wp\/v2\/users\/1"}],"replies":[{"embeddable":true,"href":"https:\/\/life312.com.tr\/TR\/wp-json\/wp\/v2\/comments?post=29724"}],"version-history":[{"count":4,"href":"https:\/\/life312.com.tr\/TR\/wp-json\/wp\/v2\/pages\/29724\/revisions"}],"predecessor-version":[{"id":29853,"href":"https:\/\/life312.com.tr\/TR\/wp-json\/wp\/v2\/pages\/29724\/revisions\/29853"}],"up":[{"embeddable":true,"href":"https:\/\/life312.com.tr\/TR\/wp-json\/wp\/v2\/pages\/29706"}],"wp:attachment":[{"href":"https:\/\/life312.com.tr\/TR\/wp-json\/wp\/v2\/media?parent=29724"}],"curies":[{"name":"wp","href":"https:\/\/api.w.org\/{rel}","templated":true}]}}