{"id":29722,"date":"2026-01-28T13:43:44","date_gmt":"2026-01-28T13:43:44","guid":{"rendered":"https:\/\/life312.com.tr\/TR\/?page_id=29722"},"modified":"2026-01-31T07:53:23","modified_gmt":"2026-01-31T07:53:23","slug":"profesyonel-is-merkezi-yonetimi","status":"publish","type":"page","link":"https:\/\/life312.com.tr\/TR\/hizmetlerimiz\/profesyonel-is-merkezi-yonetimi\/","title":{"rendered":"Profesyonel \u0130\u015f Merkezi Y\u00f6netimi"},"content":{"rendered":"\t\t<div data-elementor-type=\"wp-page\" data-elementor-id=\"29722\" class=\"elementor elementor-29722\" data-elementor-post-type=\"page\">\n\t\t\t\t<div class=\"elementor-element elementor-element-d411df7 e-flex e-con-boxed e-con e-parent \" data-id=\"d411df7\" data-element_type=\"container\">\t\t\t<div class=\"e-con-inner\">\r\n\t\t\t\t<div class=\"elementor-element elementor-element-8f6a5e8 pxl-wg-bd-anm-no elementor-widget elementor-widget-text-editor\" data-id=\"8f6a5e8\" data-element_type=\"widget\" data-widget_type=\"text-editor.default\">\n\t\t\t\t\t\t\t\t\t<ul><li class=\"style4\">T\u00fcm bina, malzeme ve k\u0131ymetlerin kira ko\u015fullar\u0131na uygun olarak kullan\u0131l\u0131p kullan\u0131lmad\u0131\u011f\u0131n\u0131 d\u00fczenli olarak \u00a0\u00a0\u00a0kontrol etmek,<\/li><li class=\"style4\">Bak\u0131m onar\u0131m \u00e7al\u0131\u015fmalar\u0131 ile rutin teknik bak\u0131m yapan firmalar\u0131n kontrolunu yapmak, bu konuda gerekli olan \u00a0\u00a0\u00a0raporlar\u0131 haz\u0131rlamak,<\/li><li class=\"style4\">\u0130\u015f merkezinde hizmet verilen t\u00fcm birimlerin g\u00fcnl\u00fck kontrollerini yapmak,<\/li><li class=\"style4\">\u0130\u015f merkezi i\u00e7inde yap\u0131lan programlar\u0131n kontrol\u00fc ve gerekli durumlarda Bina sahipleri ile koordineli\u00a0<span class=\"style16\">olarak \u00a0\u00a0\u00a0de\u011fi<\/span>\u015fiklikler yapmak,<\/li><li class=\"style4\">Ayl\u0131k giderler ve programlar ile ilgili raporlama yapmak,<\/li><li class=\"style4\">Harcama b\u00fct\u00e7elerini kontrol etmek, bu konuda yeni b\u00fct\u00e7e haz\u0131rlamak ve gerekli raporlar\u0131 i\u015f merkezi y\u00f6netimi \u00a0\u00a0\u00a0kurulu ba\u015fkan\u0131na yollamak,<\/li><li class=\"style4\">\u0130\u015f merkezinin ihtiyac\u0131 olan ve y\u00f6netim kurulunun onay\u0131 ile al\u0131nmas\u0131na karar verilen hizmetlerin \u00a0\u00a0\u00a0koordinasyonunu sa\u011flamak,<\/li><li class=\"style4\">Bu konularda gerekli s\u00f6zle\u015fmeleri yapmak, bu konuda i\u015f merkezi y\u00f6netimine rapor haz\u0131rlamak,<\/li><li class=\"style4\">Bilan\u00e7o ve b\u00fct\u00e7e \u00e7al\u0131\u015fmalar\u0131n\u0131 haz\u0131rlamak,<\/li><li class=\"style4\">Ortak mekanlara ait aidatlar\u0131 hesaplamak, kirac\u0131lardan al\u0131m\u0131 takip etmek. Aidat toplama anahtarlar\u0131n\u0131 \u00a0\u00a0\u00a0haz\u0131rlamak,<\/li><\/ul>\t\t\t\t\t\t\t\t<\/div>\n\t\t\t\t\t<\/div>\r\n\t\t\t\t<\/div>\r\n\t\t\t\t<\/div>\n\t\t","protected":false},"excerpt":{"rendered":"<p>T\u00fcm bina, malzeme ve k\u0131ymetlerin kira ko\u015fullar\u0131na uygun olarak kullan\u0131l\u0131p kullan\u0131lmad\u0131\u011f\u0131n\u0131 d\u00fczenli olarak \u00a0\u00a0\u00a0kontrol etmek, Bak\u0131m onar\u0131m \u00e7al\u0131\u015fmalar\u0131 ile rutin teknik bak\u0131m yapan firmalar\u0131n kontrolunu yapmak, bu konuda gerekli olan \u00a0\u00a0\u00a0raporlar\u0131 haz\u0131rlamak, \u0130\u015f merkezinde hizmet verilen t\u00fcm birimlerin g\u00fcnl\u00fck kontrollerini yapmak, \u0130\u015f merkezi i\u00e7inde yap\u0131lan programlar\u0131n kontrol\u00fc ve gerekli durumlarda Bina sahipleri ile koordineli\u00a0olarak \u00a0\u00a0\u00a0de\u011fi\u015fiklikler [&hellip;]<\/p>\n","protected":false},"author":1,"featured_media":0,"parent":29706,"menu_order":0,"comment_status":"closed","ping_status":"closed","template":"","meta":{"footnotes":""},"class_list":["post-29722","page","type-page","status-publish","hentry"],"_links":{"self":[{"href":"https:\/\/life312.com.tr\/TR\/wp-json\/wp\/v2\/pages\/29722","targetHints":{"allow":["GET"]}}],"collection":[{"href":"https:\/\/life312.com.tr\/TR\/wp-json\/wp\/v2\/pages"}],"about":[{"href":"https:\/\/life312.com.tr\/TR\/wp-json\/wp\/v2\/types\/page"}],"author":[{"embeddable":true,"href":"https:\/\/life312.com.tr\/TR\/wp-json\/wp\/v2\/users\/1"}],"replies":[{"embeddable":true,"href":"https:\/\/life312.com.tr\/TR\/wp-json\/wp\/v2\/comments?post=29722"}],"version-history":[{"count":4,"href":"https:\/\/life312.com.tr\/TR\/wp-json\/wp\/v2\/pages\/29722\/revisions"}],"predecessor-version":[{"id":29850,"href":"https:\/\/life312.com.tr\/TR\/wp-json\/wp\/v2\/pages\/29722\/revisions\/29850"}],"up":[{"embeddable":true,"href":"https:\/\/life312.com.tr\/TR\/wp-json\/wp\/v2\/pages\/29706"}],"wp:attachment":[{"href":"https:\/\/life312.com.tr\/TR\/wp-json\/wp\/v2\/media?parent=29722"}],"curies":[{"name":"wp","href":"https:\/\/api.w.org\/{rel}","templated":true}]}}