{"id":29716,"date":"2026-01-28T13:42:16","date_gmt":"2026-01-28T13:42:16","guid":{"rendered":"https:\/\/life312.com.tr\/TR\/?page_id=29716"},"modified":"2026-01-30T10:16:33","modified_gmt":"2026-01-30T10:16:33","slug":"cozum-ortaklari","status":"publish","type":"page","link":"https:\/\/life312.com.tr\/TR\/kurumsal\/cozum-ortaklari\/","title":{"rendered":"\u00c7\u00f6z\u00fcm Ortaklar\u0131"},"content":{"rendered":"\t\t<div data-elementor-type=\"wp-page\" data-elementor-id=\"29716\" class=\"elementor elementor-29716\" data-elementor-post-type=\"page\">\n\t\t\t\t<div class=\"elementor-element elementor-element-e60fd8b e-flex e-con-boxed e-con e-parent \" data-id=\"e60fd8b\" data-element_type=\"container\">\t\t\t<div class=\"e-con-inner\">\r\n\t\t\t\t<div class=\"elementor-element elementor-element-eb7ef63 pxl-wg-bd-anm-no elementor-widget elementor-widget-gallery\" data-id=\"eb7ef63\" data-element_type=\"widget\" data-settings=\"{&quot;lazyload&quot;:&quot;yes&quot;,&quot;gallery_layout&quot;:&quot;grid&quot;,&quot;columns&quot;:4,&quot;columns_tablet&quot;:2,&quot;columns_mobile&quot;:1,&quot;gap&quot;:{&quot;unit&quot;:&quot;px&quot;,&quot;size&quot;:10,&quot;sizes&quot;:[]},&quot;gap_laptop&quot;:{&quot;unit&quot;:&quot;px&quot;,&quot;size&quot;:10,&quot;sizes&quot;:[]},&quot;gap_tablet_extra&quot;:{&quot;unit&quot;:&quot;px&quot;,&quot;size&quot;:10,&quot;sizes&quot;:[]},&quot;gap_tablet&quot;:{&quot;unit&quot;:&quot;px&quot;,&quot;size&quot;:10,&quot;sizes&quot;:[]},&quot;gap_mobile_extra&quot;:{&quot;unit&quot;:&quot;px&quot;,&quot;size&quot;:10,&quot;sizes&quot;:[]},&quot;gap_mobile&quot;:{&quot;unit&quot;:&quot;px&quot;,&quot;size&quot;:10,&quot;sizes&quot;:[]},&quot;link_to&quot;:&quot;file&quot;,&quot;aspect_ratio&quot;:&quot;3:2&quot;,&quot;overlay_background&quot;:&quot;yes&quot;,&quot;content_hover_animation&quot;:&quot;fade-in&quot;}\" data-widget_type=\"gallery.default\">\n\t\t\t\t\t\t\t<div class=\"elementor-gallery__container\">\n\t\t\t\t\t\t\t<a class=\"e-gallery-item elementor-gallery-item elementor-animated-content\" href=\"https:\/\/life312.com.tr\/TR\/wp-content\/uploads\/2026\/01\/j12.webp\" data-elementor-open-lightbox=\"yes\" data-elementor-lightbox-slideshow=\"eb7ef63\" data-elementor-lightbox-title=\"j12\" data-e-action-hash=\"#elementor-action%3Aaction%3Dlightbox%26settings%3DeyJpZCI6Mjk3OTEsInVybCI6Imh0dHBzOlwvXC9saWZlMzEyLmNvbS50clwvVFJcL3dwLWNvbnRlbnRcL3VwbG9hZHNcLzIwMjZcLzAxXC9qMTIud2VicCIsInNsaWRlc2hvdyI6ImViN2VmNjMifQ%3D%3D\">\n\t\t\t\t\t<div class=\"e-gallery-image elementor-gallery-item__image\" data-thumbnail=\"https:\/\/life312.com.tr\/TR\/wp-content\/uploads\/2026\/01\/j12.webp\" data-width=\"235\" data-height=\"151\" aria-label=\"\" role=\"img\" ><\/div>\n\t\t\t\t\t\t\t\t\t\t\t<div class=\"elementor-gallery-item__overlay\"><\/div>\n\t\t\t\t\t\t\t\t\t\t\t\t\t\t<\/a>\n\t\t\t\t\t\t\t<a class=\"e-gallery-item elementor-gallery-item elementor-animated-content\" href=\"https:\/\/life312.com.tr\/TR\/wp-content\/uploads\/2026\/01\/j11.webp\" data-elementor-open-lightbox=\"yes\" data-elementor-lightbox-slideshow=\"eb7ef63\" data-elementor-lightbox-title=\"j11\" data-e-action-hash=\"#elementor-action%3Aaction%3Dlightbox%26settings%3DeyJpZCI6Mjk3OTIsInVybCI6Imh0dHBzOlwvXC9saWZlMzEyLmNvbS50clwvVFJcL3dwLWNvbnRlbnRcL3VwbG9hZHNcLzIwMjZcLzAxXC9qMTEud2VicCIsInNsaWRlc2hvdyI6ImViN2VmNjMifQ%3D%3D\">\n\t\t\t\t\t<div class=\"e-gallery-image elementor-gallery-item__image\" data-thumbnail=\"https:\/\/life312.com.tr\/TR\/wp-content\/uploads\/2026\/01\/j11.webp\" data-width=\"235\" data-height=\"151\" aria-label=\"\" role=\"img\" ><\/div>\n\t\t\t\t\t\t\t\t\t\t\t<div class=\"elementor-gallery-item__overlay\"><\/div>\n\t\t\t\t\t\t\t\t\t\t\t\t\t\t<\/a>\n\t\t\t\t\t\t\t<a class=\"e-gallery-item elementor-gallery-item elementor-animated-content\" href=\"https:\/\/life312.com.tr\/TR\/wp-content\/uploads\/2026\/01\/j10.webp\" data-elementor-open-lightbox=\"yes\" data-elementor-lightbox-slideshow=\"eb7ef63\" data-elementor-lightbox-title=\"j10\" data-e-action-hash=\"#elementor-action%3Aaction%3Dlightbox%26settings%3DeyJpZCI6Mjk3OTMsInVybCI6Imh0dHBzOlwvXC9saWZlMzEyLmNvbS50clwvVFJcL3dwLWNvbnRlbnRcL3VwbG9hZHNcLzIwMjZcLzAxXC9qMTAud2VicCIsInNsaWRlc2hvdyI6ImViN2VmNjMifQ%3D%3D\">\n\t\t\t\t\t<div class=\"e-gallery-image elementor-gallery-item__image\" data-thumbnail=\"https:\/\/life312.com.tr\/TR\/wp-content\/uploads\/2026\/01\/j10.webp\" data-width=\"235\" data-height=\"151\" aria-label=\"\" role=\"img\" ><\/div>\n\t\t\t\t\t\t\t\t\t\t\t<div class=\"elementor-gallery-item__overlay\"><\/div>\n\t\t\t\t\t\t\t\t\t\t\t\t\t\t<\/a>\n\t\t\t\t\t\t\t<a class=\"e-gallery-item elementor-gallery-item elementor-animated-content\" href=\"https:\/\/life312.com.tr\/TR\/wp-content\/uploads\/2026\/01\/j9.webp\" data-elementor-open-lightbox=\"yes\" data-elementor-lightbox-slideshow=\"eb7ef63\" data-elementor-lightbox-title=\"j9\" data-e-action-hash=\"#elementor-action%3Aaction%3Dlightbox%26settings%3DeyJpZCI6Mjk3OTQsInVybCI6Imh0dHBzOlwvXC9saWZlMzEyLmNvbS50clwvVFJcL3dwLWNvbnRlbnRcL3VwbG9hZHNcLzIwMjZcLzAxXC9qOS53ZWJwIiwic2xpZGVzaG93IjoiZWI3ZWY2MyJ9\">\n\t\t\t\t\t<div class=\"e-gallery-image elementor-gallery-item__image\" data-thumbnail=\"https:\/\/life312.com.tr\/TR\/wp-content\/uploads\/2026\/01\/j9.webp\" data-width=\"235\" data-height=\"151\" aria-label=\"\" role=\"img\" ><\/div>\n\t\t\t\t\t\t\t\t\t\t\t<div class=\"elementor-gallery-item__overlay\"><\/div>\n\t\t\t\t\t\t\t\t\t\t\t\t\t\t<\/a>\n\t\t\t\t\t\t\t<a class=\"e-gallery-item elementor-gallery-item elementor-animated-content\" href=\"https:\/\/life312.com.tr\/TR\/wp-content\/uploads\/2026\/01\/j8.webp\" data-elementor-open-lightbox=\"yes\" data-elementor-lightbox-slideshow=\"eb7ef63\" data-elementor-lightbox-title=\"j8\" data-e-action-hash=\"#elementor-action%3Aaction%3Dlightbox%26settings%3DeyJpZCI6Mjk3OTUsInVybCI6Imh0dHBzOlwvXC9saWZlMzEyLmNvbS50clwvVFJcL3dwLWNvbnRlbnRcL3VwbG9hZHNcLzIwMjZcLzAxXC9qOC53ZWJwIiwic2xpZGVzaG93IjoiZWI3ZWY2MyJ9\">\n\t\t\t\t\t<div class=\"e-gallery-image elementor-gallery-item__image\" data-thumbnail=\"https:\/\/life312.com.tr\/TR\/wp-content\/uploads\/2026\/01\/j8.webp\" data-width=\"235\" data-height=\"151\" aria-label=\"\" role=\"img\" ><\/div>\n\t\t\t\t\t\t\t\t\t\t\t<div class=\"elementor-gallery-item__overlay\"><\/div>\n\t\t\t\t\t\t\t\t\t\t\t\t\t\t<\/a>\n\t\t\t\t\t\t\t<a class=\"e-gallery-item elementor-gallery-item elementor-animated-content\" href=\"https:\/\/life312.com.tr\/TR\/wp-content\/uploads\/2026\/01\/j7.webp\" data-elementor-open-lightbox=\"yes\" data-elementor-lightbox-slideshow=\"eb7ef63\" data-elementor-lightbox-title=\"j7\" data-e-action-hash=\"#elementor-action%3Aaction%3Dlightbox%26settings%3DeyJpZCI6Mjk3OTYsInVybCI6Imh0dHBzOlwvXC9saWZlMzEyLmNvbS50clwvVFJcL3dwLWNvbnRlbnRcL3VwbG9hZHNcLzIwMjZcLzAxXC9qNy53ZWJwIiwic2xpZGVzaG93IjoiZWI3ZWY2MyJ9\">\n\t\t\t\t\t<div class=\"e-gallery-image elementor-gallery-item__image\" data-thumbnail=\"https:\/\/life312.com.tr\/TR\/wp-content\/uploads\/2026\/01\/j7.webp\" data-width=\"235\" data-height=\"151\" aria-label=\"\" role=\"img\" ><\/div>\n\t\t\t\t\t\t\t\t\t\t\t<div class=\"elementor-gallery-item__overlay\"><\/div>\n\t\t\t\t\t\t\t\t\t\t\t\t\t\t<\/a>\n\t\t\t\t\t\t\t<a class=\"e-gallery-item elementor-gallery-item elementor-animated-content\" href=\"https:\/\/life312.com.tr\/TR\/wp-content\/uploads\/2026\/01\/j6.webp\" data-elementor-open-lightbox=\"yes\" data-elementor-lightbox-slideshow=\"eb7ef63\" data-elementor-lightbox-title=\"j6\" data-e-action-hash=\"#elementor-action%3Aaction%3Dlightbox%26settings%3DeyJpZCI6Mjk3OTcsInVybCI6Imh0dHBzOlwvXC9saWZlMzEyLmNvbS50clwvVFJcL3dwLWNvbnRlbnRcL3VwbG9hZHNcLzIwMjZcLzAxXC9qNi53ZWJwIiwic2xpZGVzaG93IjoiZWI3ZWY2MyJ9\">\n\t\t\t\t\t<div class=\"e-gallery-image elementor-gallery-item__image\" data-thumbnail=\"https:\/\/life312.com.tr\/TR\/wp-content\/uploads\/2026\/01\/j6.webp\" data-width=\"235\" data-height=\"151\" aria-label=\"\" role=\"img\" ><\/div>\n\t\t\t\t\t\t\t\t\t\t\t<div class=\"elementor-gallery-item__overlay\"><\/div>\n\t\t\t\t\t\t\t\t\t\t\t\t\t\t<\/a>\n\t\t\t\t\t\t\t<a class=\"e-gallery-item elementor-gallery-item elementor-animated-content\" href=\"https:\/\/life312.com.tr\/TR\/wp-content\/uploads\/2026\/01\/j5.webp\" data-elementor-open-lightbox=\"yes\" data-elementor-lightbox-slideshow=\"eb7ef63\" data-elementor-lightbox-title=\"j5\" data-e-action-hash=\"#elementor-action%3Aaction%3Dlightbox%26settings%3DeyJpZCI6Mjk3OTgsInVybCI6Imh0dHBzOlwvXC9saWZlMzEyLmNvbS50clwvVFJcL3dwLWNvbnRlbnRcL3VwbG9hZHNcLzIwMjZcLzAxXC9qNS53ZWJwIiwic2xpZGVzaG93IjoiZWI3ZWY2MyJ9\">\n\t\t\t\t\t<div class=\"e-gallery-image elementor-gallery-item__image\" data-thumbnail=\"https:\/\/life312.com.tr\/TR\/wp-content\/uploads\/2026\/01\/j5.webp\" data-width=\"235\" data-height=\"151\" aria-label=\"\" role=\"img\" ><\/div>\n\t\t\t\t\t\t\t\t\t\t\t<div class=\"elementor-gallery-item__overlay\"><\/div>\n\t\t\t\t\t\t\t\t\t\t\t\t\t\t<\/a>\n\t\t\t\t\t\t\t<a class=\"e-gallery-item elementor-gallery-item elementor-animated-content\" href=\"https:\/\/life312.com.tr\/TR\/wp-content\/uploads\/2026\/01\/j4.webp\" data-elementor-open-lightbox=\"yes\" data-elementor-lightbox-slideshow=\"eb7ef63\" data-elementor-lightbox-title=\"j4\" data-e-action-hash=\"#elementor-action%3Aaction%3Dlightbox%26settings%3DeyJpZCI6Mjk3OTksInVybCI6Imh0dHBzOlwvXC9saWZlMzEyLmNvbS50clwvVFJcL3dwLWNvbnRlbnRcL3VwbG9hZHNcLzIwMjZcLzAxXC9qNC53ZWJwIiwic2xpZGVzaG93IjoiZWI3ZWY2MyJ9\">\n\t\t\t\t\t<div class=\"e-gallery-image elementor-gallery-item__image\" data-thumbnail=\"https:\/\/life312.com.tr\/TR\/wp-content\/uploads\/2026\/01\/j4.webp\" data-width=\"235\" data-height=\"151\" aria-label=\"\" role=\"img\" ><\/div>\n\t\t\t\t\t\t\t\t\t\t\t<div class=\"elementor-gallery-item__overlay\"><\/div>\n\t\t\t\t\t\t\t\t\t\t\t\t\t\t<\/a>\n\t\t\t\t\t\t\t<a class=\"e-gallery-item elementor-gallery-item elementor-animated-content\" href=\"https:\/\/life312.com.tr\/TR\/wp-content\/uploads\/2026\/01\/j3.webp\" data-elementor-open-lightbox=\"yes\" data-elementor-lightbox-slideshow=\"eb7ef63\" data-elementor-lightbox-title=\"j3\" data-e-action-hash=\"#elementor-action%3Aaction%3Dlightbox%26settings%3DeyJpZCI6Mjk4MDAsInVybCI6Imh0dHBzOlwvXC9saWZlMzEyLmNvbS50clwvVFJcL3dwLWNvbnRlbnRcL3VwbG9hZHNcLzIwMjZcLzAxXC9qMy53ZWJwIiwic2xpZGVzaG93IjoiZWI3ZWY2MyJ9\">\n\t\t\t\t\t<div class=\"e-gallery-image elementor-gallery-item__image\" data-thumbnail=\"https:\/\/life312.com.tr\/TR\/wp-content\/uploads\/2026\/01\/j3.webp\" data-width=\"235\" data-height=\"151\" aria-label=\"\" role=\"img\" ><\/div>\n\t\t\t\t\t\t\t\t\t\t\t<div class=\"elementor-gallery-item__overlay\"><\/div>\n\t\t\t\t\t\t\t\t\t\t\t\t\t\t<\/a>\n\t\t\t\t\t\t\t<a class=\"e-gallery-item elementor-gallery-item elementor-animated-content\" href=\"https:\/\/life312.com.tr\/TR\/wp-content\/uploads\/2026\/01\/j2.webp\" data-elementor-open-lightbox=\"yes\" data-elementor-lightbox-slideshow=\"eb7ef63\" data-elementor-lightbox-title=\"j2\" data-e-action-hash=\"#elementor-action%3Aaction%3Dlightbox%26settings%3DeyJpZCI6Mjk4MDEsInVybCI6Imh0dHBzOlwvXC9saWZlMzEyLmNvbS50clwvVFJcL3dwLWNvbnRlbnRcL3VwbG9hZHNcLzIwMjZcLzAxXC9qMi53ZWJwIiwic2xpZGVzaG93IjoiZWI3ZWY2MyJ9\">\n\t\t\t\t\t<div class=\"e-gallery-image elementor-gallery-item__image\" data-thumbnail=\"https:\/\/life312.com.tr\/TR\/wp-content\/uploads\/2026\/01\/j2.webp\" data-width=\"235\" data-height=\"151\" aria-label=\"\" role=\"img\" ><\/div>\n\t\t\t\t\t\t\t\t\t\t\t<div class=\"elementor-gallery-item__overlay\"><\/div>\n\t\t\t\t\t\t\t\t\t\t\t\t\t\t<\/a>\n\t\t\t\t\t\t\t<a class=\"e-gallery-item elementor-gallery-item elementor-animated-content\" href=\"https:\/\/life312.com.tr\/TR\/wp-content\/uploads\/2026\/01\/j1.webp\" data-elementor-open-lightbox=\"yes\" data-elementor-lightbox-slideshow=\"eb7ef63\" data-elementor-lightbox-title=\"j1\" data-e-action-hash=\"#elementor-action%3Aaction%3Dlightbox%26settings%3DeyJpZCI6Mjk4MDIsInVybCI6Imh0dHBzOlwvXC9saWZlMzEyLmNvbS50clwvVFJcL3dwLWNvbnRlbnRcL3VwbG9hZHNcLzIwMjZcLzAxXC9qMS53ZWJwIiwic2xpZGVzaG93IjoiZWI3ZWY2MyJ9\">\n\t\t\t\t\t<div class=\"e-gallery-image elementor-gallery-item__image\" data-thumbnail=\"https:\/\/life312.com.tr\/TR\/wp-content\/uploads\/2026\/01\/j1.webp\" data-width=\"235\" data-height=\"151\" aria-label=\"\" role=\"img\" ><\/div>\n\t\t\t\t\t\t\t\t\t\t\t<div class=\"elementor-gallery-item__overlay\"><\/div>\n\t\t\t\t\t\t\t\t\t\t\t\t\t\t<\/a>\n\t\t\t\t\t<\/div>\n\t\t\t\t\t<\/div>\n\t\t\t\t\t<\/div>\r\n\t\t\t\t<\/div>\r\n\t\t\t\t<\/div>\n\t\t","protected":false},"excerpt":{"rendered":"","protected":false},"author":1,"featured_media":0,"parent":29704,"menu_order":0,"comment_status":"closed","ping_status":"closed","template":"","meta":{"footnotes":""},"class_list":["post-29716","page","type-page","status-publish","hentry"],"_links":{"self":[{"href":"https:\/\/life312.com.tr\/TR\/wp-json\/wp\/v2\/pages\/29716","targetHints":{"allow":["GET"]}}],"collection":[{"href":"https:\/\/life312.com.tr\/TR\/wp-json\/wp\/v2\/pages"}],"about":[{"href":"https:\/\/life312.com.tr\/TR\/wp-json\/wp\/v2\/types\/page"}],"author":[{"embeddable":true,"href":"https:\/\/life312.com.tr\/TR\/wp-json\/wp\/v2\/users\/1"}],"replies":[{"embeddable":true,"href":"https:\/\/life312.com.tr\/TR\/wp-json\/wp\/v2\/comments?post=29716"}],"version-history":[{"count":4,"href":"https:\/\/life312.com.tr\/TR\/wp-json\/wp\/v2\/pages\/29716\/revisions"}],"predecessor-version":[{"id":29805,"href":"https:\/\/life312.com.tr\/TR\/wp-json\/wp\/v2\/pages\/29716\/revisions\/29805"}],"up":[{"embeddable":true,"href":"https:\/\/life312.com.tr\/TR\/wp-json\/wp\/v2\/pages\/29704"}],"wp:attachment":[{"href":"https:\/\/life312.com.tr\/TR\/wp-json\/wp\/v2\/media?parent=29716"}],"curies":[{"name":"wp","href":"https:\/\/api.w.org\/{rel}","templated":true}]}}