{"id":29712,"date":"2026-01-28T13:41:04","date_gmt":"2026-01-28T13:41:04","guid":{"rendered":"https:\/\/life312.com.tr\/TR\/?page_id=29712"},"modified":"2026-01-30T10:03:50","modified_gmt":"2026-01-30T10:03:50","slug":"hakkimizda","status":"publish","type":"page","link":"https:\/\/life312.com.tr\/TR\/kurumsal\/hakkimizda\/","title":{"rendered":"Hakk\u0131m\u0131zda"},"content":{"rendered":"\t\t<div data-elementor-type=\"wp-page\" data-elementor-id=\"29712\" class=\"elementor elementor-29712\" data-elementor-post-type=\"page\">\n\t\t\t\t        <section class=\"elementor-section elementor-top-section elementor-element elementor-element-ef0f4a2 elementor-section-full_width pxl-section-offset-left elementor-section-height-default elementor-section-height-default pxl-container-width-container-1200 pxl-section-line-left-no pxl-section-line-right-no pxl-section-static-pos-no pxl-section-overflow-hidden-no pxl-section-gap-no\" data-id=\"ef0f4a2\" data-element_type=\"section\">\n\n                \n                <div class=\"elementor-container elementor-column-gap-no \">\n                <div class=\"elementor-column elementor-col-50 elementor-top-column elementor-element elementor-element-3942885 pxl-column-element-default pxl-column-overflow-hidden-no pxl-border-column-anm\" data-id=\"3942885\" data-element_type=\"column\">\r\n        <div class=\"elementor-widget-wrap elementor-element-populated\">\r\n            <div class=\"pxl-border-animated num-1\">\r\n            <div class=\"pxl-border-anm bt w-100  bw-no\" style=\"--bd-width: 0px 0 0 0; border-style: solid; border-color: #18181833;\"><\/div>\r\n            <div class=\"pxl-border-anm br h-100  bw-no\" style=\"--bd-width: 0 0px 0 0; border-style: solid; border-color: #18181833;\"><\/div>\r\n            <div class=\"pxl-border-anm bb w-100  bw-no\" style=\"--bd-width: 0 0 0px 0; border-style: solid; border-color: #18181833;\"><\/div>\r\n            <div class=\"pxl-border-anm bl h-100  bw-yes\" style=\"--bd-width: 0 0 0 1px; border-style: solid; border-color: #18181833;\"><\/div>\r\n            <\/div>         \r\n        \t\t<div class=\"elementor-element elementor-element-66e181d elementor-widget__width-auto elementor-absolute transform-origin-0 e-transform e-transform pxl-wg-bd-anm-no elementor-invisible pxl-elementor-animate elementor-widget elementor-widget-pxl_heading\" data-id=\"66e181d\" data-element_type=\"widget\" data-settings=\"{&quot;_position&quot;:&quot;absolute&quot;,&quot;_transform_rotateZ_effect&quot;:{&quot;unit&quot;:&quot;px&quot;,&quot;size&quot;:-90,&quot;sizes&quot;:[]},&quot;_transform_translateX_effect&quot;:{&quot;unit&quot;:&quot;px&quot;,&quot;size&quot;:-50,&quot;sizes&quot;:[]},&quot;_transform_translateY_effect&quot;:{&quot;unit&quot;:&quot;%&quot;,&quot;size&quot;:&quot;&quot;,&quot;sizes&quot;:[]},&quot;_transform_translateY_effect_tablet_extra&quot;:{&quot;unit&quot;:&quot;%&quot;,&quot;size&quot;:&quot;&quot;,&quot;sizes&quot;:[]},&quot;_transform_translateY_effect_tablet&quot;:{&quot;unit&quot;:&quot;%&quot;,&quot;size&quot;:&quot;&quot;,&quot;sizes&quot;:[]},&quot;_transform_translateY_effect_mobile_extra&quot;:{&quot;unit&quot;:&quot;%&quot;,&quot;size&quot;:&quot;&quot;,&quot;sizes&quot;:[]},&quot;_transform_translateY_effect_mobile&quot;:{&quot;unit&quot;:&quot;%&quot;,&quot;size&quot;:&quot;&quot;,&quot;sizes&quot;:[]},&quot;_animation&quot;:&quot;fadeInUp&quot;,&quot;_transform_rotateZ_effect_laptop&quot;:{&quot;unit&quot;:&quot;deg&quot;,&quot;size&quot;:&quot;&quot;,&quot;sizes&quot;:[]},&quot;_transform_rotateZ_effect_tablet_extra&quot;:{&quot;unit&quot;:&quot;deg&quot;,&quot;size&quot;:&quot;&quot;,&quot;sizes&quot;:[]},&quot;_transform_rotateZ_effect_tablet&quot;:{&quot;unit&quot;:&quot;deg&quot;,&quot;size&quot;:&quot;&quot;,&quot;sizes&quot;:[]},&quot;_transform_rotateZ_effect_mobile_extra&quot;:{&quot;unit&quot;:&quot;deg&quot;,&quot;size&quot;:&quot;&quot;,&quot;sizes&quot;:[]},&quot;_transform_rotateZ_effect_mobile&quot;:{&quot;unit&quot;:&quot;deg&quot;,&quot;size&quot;:&quot;&quot;,&quot;sizes&quot;:[]},&quot;_transform_translateX_effect_laptop&quot;:{&quot;unit&quot;:&quot;px&quot;,&quot;size&quot;:&quot;&quot;,&quot;sizes&quot;:[]},&quot;_transform_translateX_effect_tablet_extra&quot;:{&quot;unit&quot;:&quot;px&quot;,&quot;size&quot;:&quot;&quot;,&quot;sizes&quot;:[]},&quot;_transform_translateX_effect_tablet&quot;:{&quot;unit&quot;:&quot;px&quot;,&quot;size&quot;:&quot;&quot;,&quot;sizes&quot;:[]},&quot;_transform_translateX_effect_mobile_extra&quot;:{&quot;unit&quot;:&quot;px&quot;,&quot;size&quot;:&quot;&quot;,&quot;sizes&quot;:[]},&quot;_transform_translateX_effect_mobile&quot;:{&quot;unit&quot;:&quot;px&quot;,&quot;size&quot;:&quot;&quot;,&quot;sizes&quot;:[]},&quot;_transform_translateY_effect_laptop&quot;:{&quot;unit&quot;:&quot;px&quot;,&quot;size&quot;:&quot;&quot;,&quot;sizes&quot;:[]}}\" data-widget_type=\"pxl_heading.default\">\n\t\t\t\t<div class=\"elementor-widget-container\">\n\t\t\t\t\t<div class=\"pxl-heading-wrap d-flex\">\n    <div class=\"pxl-heading-inner  \">\n                <h5 class=\"heading-title\">\n            LIFE 312        <\/h5>\n            <\/div>\n<\/div>\n\n\t\t\t\t<\/div>\n\t\t\t\t<\/div>\n\t\t\t\t<div class=\"elementor-element elementor-element-4d40bc3 pxl-wg-bd-anm-no elementor-widget elementor-widget-pxl_heading\" data-id=\"4d40bc3\" data-element_type=\"widget\" data-widget_type=\"pxl_heading.default\">\n\t\t\t\t<div class=\"elementor-widget-container\">\n\t\t\t\t\t<div class=\"pxl-heading-wrap d-flex\">\n    <div class=\"pxl-heading-inner  \">\n                <h3 class=\"heading-title pxl-split-text split-in-right\">\n            Profesyonel Yakla\u015f\u0131mlar Ve Profesyonel Hizmet Anlay\u0131\u015f\u0131        <\/h3>\n            <\/div>\n<\/div>\n\n\t\t\t\t<\/div>\n\t\t\t\t<\/div>\n\t\t\t\t<div class=\"elementor-element elementor-element-23c7468 elementor-widget-divider--view-line pxl-wg-bd-anm-no elementor-widget elementor-widget-divider\" data-id=\"23c7468\" data-element_type=\"widget\" data-widget_type=\"divider.default\">\n\t\t\t\t\t\t\t<div class=\"elementor-divider\">\n\t\t\t<span class=\"elementor-divider-separator\">\n\t\t\t\t\t\t<\/span>\n\t\t<\/div>\n\t\t\t\t\t\t<\/div>\n\t\t\t\t<div class=\"elementor-element elementor-element-7ea4c72 pxl-wg-bd-anm-no elementor-invisible pxl-elementor-animate elementor-widget elementor-widget-pxl_text_editor\" data-id=\"7ea4c72\" data-element_type=\"widget\" data-settings=\"{&quot;_animation&quot;:&quot;fadeInUp&quot;}\" data-widget_type=\"pxl_text_editor.default\">\n\t\t\t\t<div class=\"elementor-widget-container\">\n\t\t\t\t\t<div id=\"pxl_text_editor-7ea4c72-1185\" class=\"pxl-text-editor-wrap d-flex \" >\n\t<div class=\"pxl-text-editor elementor-clearfix\">\n\t\t<p style=\"text-align: justify;\">Daha g\u00fcvenli, daha temiz, daha bak\u0131ml\u0131 ve daha \u00f6zel ya\u015fam alanlar\u0131 yaratma amac\u0131yla ba\u015flat\u0131lan toplu yap\u0131 \u00e7al\u0131\u015fmalar\u0131 ve kentsel d\u00f6n\u00fc\u015f\u00fcm projeleri son g\u00fcnlerde giderek h\u0131z kazan\u0131yor. De\u011fi\u015fen d\u00fcnya ile birlikte \u00e7ok katl\u0131 binalar\u0131n olu\u015fmas\u0131, bu binalarda toplu halde ya\u015fayan insanlar\u0131n kulland\u0131klar\u0131 ortak alanlar\u0131n, do\u011fru y\u00f6netilmesini g\u00fcndeme getirmektedir. Sitelerin ve toplu ya\u015fam alanlar\u0131n\u0131n ihtiya\u00e7lar\u0131, giderleri ve sunulan hizmet boyutuyla k\u00fc\u00e7\u00fck bir \u015fehir, mali boyutlar\u0131yla ise orta \u00f6l\u00e7ekli ticari i\u015fletmelerin vergi sonras\u0131 gelirlerini a\u015fabilecek boyutlara ula\u015fabiliyor.<\/p><p style=\"text-align: justify;\">Her biri neredeyse k\u00fc\u00e7\u00fck bir kent haline gelen konut sitelerinin en temel sorunlar\u0131ndan biri de verimli y\u00f6netim eksikli\u011fi. Sitenin idari ve saha hizmetleri y\u00f6netimini, bu konuda tecr\u00fcbe ve e\u011fitimli profesyoneller bulunmad\u0131\u011f\u0131ndan, site y\u00f6netimi konusunda bilgi ve tecr\u00fcbesi olmayan ki\u015filer arac\u0131l\u0131\u011f\u0131 ile y\u00fcr\u00fct\u00fcl\u00fcyor ve bu da pek \u00e7ok sorunu beraberinde getiriyor. Uygulamada, her sene yeni bir ki\u015fi y\u00f6neticilik g\u00f6revini \u00fcstlenmekte; eski y\u00f6netici g\u00f6revini devir ederken, sadece mali devir yapmakta ve birikim, deneyim ve \u00f6ng\u00f6r\u00fclerini yeni ki\u015fiye aktaramamaktad\u0131r. Amat\u00f6r y\u00f6netici, ya teknik i\u015flerden anlay\u0131p b\u00fct\u00e7e y\u00f6netimini bilmemekte veya her ikisinden de anlay\u0131p planlama veya insan kayna\u011f\u0131n\u0131 do\u011fru kullanmay\u0131 ba\u015faramamakta, yahut sorun \u00e7\u00f6zme y\u00f6ntemlerinde \u00e7a\u011fda\u015f ara\u00e7 ve gere\u00e7leri kullanamamaktad\u0131r. \u0130lk bak\u0131\u015fta fark edilmeyen bu y\u00f6netsel aksakl\u0131klar b\u00fct\u00e7ede b\u00fcy\u00fck emek, para, bilgi ve zaman kay\u0131plar\u0131na yol a\u00e7maktad\u0131r.<\/p><p style=\"text-align: justify;\">G\u00fcn\u00fcm\u00fczde hemen her toplu ya\u015fam alanlar\u0131nda ya\u015fanan bu durum,\u00a0 sorunlarla ba\u015f ba\u015fa kalan kat maliklerini yeni ve daha ger\u00e7ek\u00e7i bir y\u00f6netim anlay\u0131\u015f\u0131n\u0131 benimsemeye y\u00f6nlendirmektedir. B\u00f6ylesi bir sorunun \u00e7\u00f6z\u00fcm\u00fc ise, y\u00f6netimin profesyonelle\u015ftirilmesidir.<\/p><p style=\"text-align: justify;\">Life 312 olarak, konut sitelerinde profesyonel y\u00f6netim eksikli\u011finden kaynaklanan sorunlar\u0131 ortadan kald\u0131rmak ve T\u00fcrkiye\u2019de ki \u201capartman ve site\u201d y\u00f6netimine profesyonel bir yakla\u015f\u0131m kazand\u0131rmak amac\u0131yla profesyonel kadromuz ile yola \u00e7\u0131kt\u0131k.<\/p><p style=\"text-align: justify;\">Kurallarla zenginle\u015ftirilmi\u015f profesyonel yakla\u015f\u0131m\u0131yla sorunlar\u0131n\u0131z\u0131 \u00fczerinizden alarak, kom\u015fuluk ili\u015fkilerinizi iyile\u015ftirirken ki\u015fisel ya\u015fam konforunuzu y\u00fckseltmek amac\u0131yla yolumuza devam etmekteyiz.<\/p><p style=\"text-align: justify;\">Alanlar\u0131nda uzman ve e\u011fitimli personelimiz ile sizlere \u015feffaf, yenilik\u00e7i ve g\u00fc\u00e7l\u00fc hizmet anlay\u0131\u015f\u0131 ile sizlere zaman kazand\u0131r\u0131rken maliyetleri d\u00fc\u015f\u00fcr\u00fcyor, ya\u015fam konforunuzu y\u00fckselterek sizlere sorunsuz bir ya\u015fam alan\u0131 sunuyoruz.<\/p><p style=\"text-align: justify;\">Yapt\u0131\u011f\u0131m\u0131z her i\u015fi, etik unsurlara ve hukuki y\u00fck\u00fcml\u00fcl\u00fcklere uygun bi\u00e7imde yaparak, g\u00f6rev ve sorumluluklar\u0131n bilincinde olarak ve her t\u00fcrl\u00fc soruna \u00e7\u00f6z\u00fcm \u00f6nerisi getirerek yap\u0131c\u0131 bir yakla\u015f\u0131mla yakla\u015farak sizlere en iyi ve en do\u011fru hizmeti sunmak i\u00e7in buraday\u0131z.<\/p><p style=\"text-align: justify;\">Kendini s\u00fcrekli geli\u015ftiren, \u00f6\u011frenmeye ve iyile\u015ftirmeye a\u00e7\u0131k bir firma olarak daha g\u00fc\u00e7l\u00fc ve s\u00fcrd\u00fcr\u00fclebilir bir hizmet sunuyoruz.<\/p><p style=\"text-align: justify;\">T\u00fcm s\u00fcre\u00e7 ve hizmet a\u015famalar\u0131m\u0131zda, insan sa\u011fl\u0131\u011f\u0131n\u0131n korunmas\u0131, \u00e7evresel kirlenmeye kar\u015f\u0131 \u00f6nlem al\u0131nmas\u0131 ve do\u011fal kaynaklar\u0131n tasarruflar\u0131 konular\u0131 gereken \u00f6nem ve hassasiyeti g\u00f6steriyoruz.<\/p>\t\t\n\t<\/div>\n<\/div>\t\t\t\t<\/div>\n\t\t\t\t<\/div>\n\t\t            <\/div>\r\n        <\/div>\r\n                <div class=\"elementor-column elementor-col-50 elementor-top-column elementor-element elementor-element-1da4285 pxl-column-element-default pxl-column-overflow-hidden-no\" data-id=\"1da4285\" data-element_type=\"column\">\r\n        <div class=\"elementor-widget-wrap elementor-element-populated\">\r\n                     \r\n        \t\t<div class=\"elementor-element elementor-element-00ea875 pxl-video-layout-1 pxl-wg-bd-anm-no elementor-widget elementor-widget-pxl_video\" data-id=\"00ea875\" data-element_type=\"widget\" data-widget_type=\"pxl_video.default\">\n\t\t\t\t<div class=\"elementor-widget-container\">\n\t\t\t\t\t<div class=\"pxl-video-player layout-1 relative btn-style-df overflow-hidden\">\n     <div class=\"video-bg pxl-overlay\" style=\"background-image: url(https:\/\/life312.com.tr\/TR\/wp-content\/uploads\/2025\/06\/635-Pine-Avenue-Tower_01.jpg);\"><\/div>    <div class=\"pxl-overlay\"><\/div>\n    <div class=\"btn-video-wrap d-flex-wrap align-item-center justify-content-center\">\n        <div class=\"pxl-video-lightbox \" data-elementor-open-lightbox=\"yes\" data-elementor-lightbox=\"{&quot;type&quot;:&quot;video&quot;,&quot;videoType&quot;:&quot;youtube&quot;,&quot;url&quot;:null,&quot;modalOptions&quot;:{&quot;id&quot;:&quot;pxl-lightbox-00ea875&quot;,&quot;entranceAnimation&quot;:&quot;fadeInUp&quot;,&quot;entranceAnimation_tablet&quot;:&quot;&quot;,&quot;entranceAnimation_mobile&quot;:&quot;&quot;,&quot;videoAspectRatio&quot;:&quot;169&quot;}}\">\n            <div class=\"pxl-video-btn text-center progress-wrap\">\n                                <svg class=\"progress-circle svg-content\" viewBox=\"-1 -1 102 102\">\n                    <path d=\"M50,1 a49,49 0 0,1 0,98 a49,49 0 0,1 0,-98\" style=\"transition: stroke-dashoffset 300ms linear 0s; stroke-dasharray: 0, 1000; stroke-dashoffset: 0;\"><\/path>\n                <\/svg>\n                                <span class=\"pxl-icon pxli pxli-play\"><\/span>\n            <\/div>\n        <\/div>\n    <\/div>\n     \n<\/div>\t\t\t\t<\/div>\n\t\t\t\t<\/div>\n\t\t            <\/div>\r\n        <\/div>\r\n        \t\t\t<\/div>\n\t\t<\/section>\n\t\t\t\t<\/div>\n\t\t","protected":false},"excerpt":{"rendered":"<p>LIFE 312 Profesyonel Yakla\u015f\u0131mlar Ve Profesyonel Hizmet Anlay\u0131\u015f\u0131 Daha g\u00fcvenli, daha temiz, daha bak\u0131ml\u0131 ve daha \u00f6zel ya\u015fam alanlar\u0131 yaratma amac\u0131yla ba\u015flat\u0131lan toplu yap\u0131 \u00e7al\u0131\u015fmalar\u0131 ve kentsel d\u00f6n\u00fc\u015f\u00fcm projeleri son g\u00fcnlerde giderek h\u0131z kazan\u0131yor. De\u011fi\u015fen d\u00fcnya ile birlikte \u00e7ok katl\u0131 binalar\u0131n olu\u015fmas\u0131, bu binalarda toplu halde ya\u015fayan insanlar\u0131n kulland\u0131klar\u0131 ortak alanlar\u0131n, do\u011fru y\u00f6netilmesini g\u00fcndeme getirmektedir. [&hellip;]<\/p>\n","protected":false},"author":1,"featured_media":0,"parent":29704,"menu_order":0,"comment_status":"closed","ping_status":"closed","template":"","meta":{"footnotes":""},"class_list":["post-29712","page","type-page","status-publish","hentry"],"_links":{"self":[{"href":"https:\/\/life312.com.tr\/TR\/wp-json\/wp\/v2\/pages\/29712","targetHints":{"allow":["GET"]}}],"collection":[{"href":"https:\/\/life312.com.tr\/TR\/wp-json\/wp\/v2\/pages"}],"about":[{"href":"https:\/\/life312.com.tr\/TR\/wp-json\/wp\/v2\/types\/page"}],"author":[{"embeddable":true,"href":"https:\/\/life312.com.tr\/TR\/wp-json\/wp\/v2\/users\/1"}],"replies":[{"embeddable":true,"href":"https:\/\/life312.com.tr\/TR\/wp-json\/wp\/v2\/comments?post=29712"}],"version-history":[{"count":7,"href":"https:\/\/life312.com.tr\/TR\/wp-json\/wp\/v2\/pages\/29712\/revisions"}],"predecessor-version":[{"id":29786,"href":"https:\/\/life312.com.tr\/TR\/wp-json\/wp\/v2\/pages\/29712\/revisions\/29786"}],"up":[{"embeddable":true,"href":"https:\/\/life312.com.tr\/TR\/wp-json\/wp\/v2\/pages\/29704"}],"wp:attachment":[{"href":"https:\/\/life312.com.tr\/TR\/wp-json\/wp\/v2\/media?parent=29712"}],"curies":[{"name":"wp","href":"https:\/\/api.w.org\/{rel}","templated":true}]}}